{"id":7668,"date":"2022-07-27T12:13:26","date_gmt":"2022-07-27T12:13:26","guid":{"rendered":"https:\/\/wenttrip.com.br\/?page_id=7668"},"modified":"2022-07-27T12:39:34","modified_gmt":"2022-07-27T12:39:34","slug":"politica-de-privacidade","status":"publish","type":"page","link":"https:\/\/wenttrip.com.br\/it\/politica-sulla-riservatezza\/","title":{"rendered":"politica sulla riservatezza"},"content":{"rendered":"<p>La tua privacy \u00e8 importante per noi. \u00c8 politica di gottrip rispettare la tua privacy in merito a qualsiasi informazione che potremmo raccogliere da te sul sito web di gottrip e su altri siti web che possediamo e gestiamo.<\/p>\n\n\n\n<p>Chiediamo informazioni personali solo quando ne abbiamo veramente bisogno per fornirti un servizio. Lo facciamo con mezzi equi e legali, con la tua conoscenza e il tuo consenso. Ti facciamo anche sapere perch\u00e9 lo stiamo raccogliendo e come verr\u00e0 utilizzato.<\/p>\n\n\n\n<p>Conserviamo le informazioni raccolte solo per il tempo necessario a fornire il servizio richiesto. Quando memorizziamo i dati, li proteggiamo con mezzi commercialmente accettabili per prevenire la perdita e il furto, nonch\u00e9 l&#039;accesso, la divulgazione, la copia, l&#039;uso o la modifica non autorizzati.<\/p>\n\n\n\n<p>Non condividiamo informazioni di identificazione personale pubblicamente o con terze parti, ad eccezione di quanto richiesto dalla legge.<\/p>\n\n\n\n<p>Il nostro sito Web pu\u00f2 contenere collegamenti a siti Web esterni che non sono gestiti da noi. Si prega di essere consapevoli del fatto che non abbiamo alcun controllo sul contenuto e sulle pratiche di questi siti e non possiamo accettare la responsabilit\u00e0 per le rispettive politiche sulla privacy.<\/p>\n\n\n\n<p>Sei libero di rifiutare la nostra richiesta di informazioni personali, comprendendo che potremmo non essere in grado di fornirti alcuni dei servizi desiderati.<\/p>\n\n\n\n<p>L&#039;uso continuato del nostro sito Web sar\u00e0 considerato come accettazione delle nostre pratiche in materia di privacy e informazioni personali. Se hai domande su come gestiamo i dati degli utenti e le informazioni personali, ti preghiamo di contattarci.<\/p>\n\n\n\n<p>Politica sui cookie di Wenttrip<\/p>\n\n\n\n<p>Cosa sono i cookie?<\/p>\n\n\n\n<p>Come \u00e8 prassi comune con quasi tutti i siti Web professionali, questo sito Web utilizza i cookie, che sono piccoli file scaricati sul tuo computer, per migliorare la tua esperienza. Questa pagina descrive quali informazioni raccolgono, come le usiamo e perch\u00e9 a volte abbiamo bisogno di memorizzare questi cookie. Condivideremo anche come impedire la memorizzazione di questi cookie, tuttavia ci\u00f2 potrebbe ridurre o &quot;interrompere&quot; alcuni elementi della funzionalit\u00e0 del sito.<\/p>\n\n\n\n<p>Come utilizziamo i cookie?<\/p>\n\n\n\n<p>Utilizziamo i cookie per una serie di motivi, descritti di seguito. Sfortunatamente, nella maggior parte dei casi, non ci sono opzioni standard del settore per disabilitare i cookie senza disabilitare completamente la funzionalit\u00e0 e le caratteristiche che aggiungono a questo sito web. Si consiglia di escludere tutti i cookie se non si \u00e8 sicuri di averne bisogno o meno se vengono utilizzati per fornire un servizio che si utilizza.<\/p>\n\n\n\n<p>disabilitare i cookie<\/p>\n\n\n\n<p>\u00c8 possibile impedire l&#039;impostazione dei cookie modificando le impostazioni del browser (consultare la Guida del browser per sapere come farlo). Tieni presente che la disabilitazione dei cookie influir\u00e0 sulla funzionalit\u00e0 di questo e di molti altri siti web che visiti. La disabilitazione dei cookie generalmente comporter\u00e0 la disabilitazione di alcune funzionalit\u00e0 e caratteristiche di questo sito web. Pertanto, si consiglia di non disabilitare i cookie.<\/p>\n\n\n\n<p>Cookie che impostiamo<\/p>\n\n\n\n<p>Cookie relativi all&#039;account<\/p>\n\n\n\n<p>Se crei un account con noi, utilizzeremo i cookie per la gestione del processo di registrazione e l&#039;amministrazione generale. Questi cookie vengono generalmente eliminati quando ti disconnetti, tuttavia in alcuni casi potrebbero rimanere in seguito per ricordare le tue preferenze del sito quando ti disconnetti.<\/p>\n\n\n\n<p>Cookie relativi all&#039;accesso<\/p>\n\n\n\n<p>Utilizziamo i cookie quando sei loggato in modo da poter ricordare quell&#039;azione. Ci\u00f2 ti evita di dover accedere ogni volta che visiti una nuova pagina. Questi cookie vengono normalmente rimossi o cancellati quando ti disconnetti per garantire che tu possa accedere solo a funzioni e aree riservate quando accedi.<\/p>\n\n\n\n<p>Cookie relativi alle newsletter via e-mail<\/p>\n\n\n\n<p>Questo sito web offre servizi di iscrizione a newsletter o e-mail e i cookie possono essere utilizzati per ricordare se sei gi\u00e0 registrato e se mostrare determinate notifiche valide solo per gli utenti iscritti\/non iscritti.<\/p>\n\n\n\n<p>Cookie relativi all&#039;elaborazione degli ordini<\/p>\n\n\n\n<p>Questo sito Web offre servizi di e-commerce o di pagamento e alcuni cookie sono essenziali per garantire che il tuo ordine venga ricordato tra le pagine in modo che possiamo elaborarlo correttamente.<\/p>\n\n\n\n<p>Cerca cookie correlati<\/p>\n\n\n\n<p>Di volta in volta, offriamo sondaggi e quiz per fornirti informazioni interessanti, strumenti utili o per comprendere la nostra base di utenti in modo pi\u00f9 accurato. Questi sondaggi possono utilizzare i cookie per ricordare chi ha gi\u00e0 partecipato a un sondaggio o per fornire risultati accurati dopo aver cambiato pagina.<\/p>\n\n\n\n<p>Cookie relativi ai moduli<\/p>\n\n\n\n<p>Quando invii dati tramite un modulo come quelli che si trovano nelle pagine di contatto o nei moduli di commento, i cookie possono essere impostati per ricordare i dettagli dell&#039;utente per la corrispondenza futura.<\/p>\n\n\n\n<p>Cookie delle preferenze del sito<\/p>\n\n\n\n<p>Al fine di fornirti un&#039;esperienza ottimale su questo sito Web, forniamo funzionalit\u00e0 per impostare le tue preferenze su come si comporta questo sito Web quando lo utilizzi. Per ricordare le tue preferenze, abbiamo bisogno di impostare i cookie in modo che queste informazioni possano essere richiamate ogni volta che interagisci con una pagina che \u00e8 influenzata dalle tue preferenze.<\/p>\n\n\n\n<p>Cookie di terze parti<\/p>\n\n\n\n<p>In alcuni casi particolari, utilizziamo anche cookie forniti da terze parti di fiducia. La sezione seguente descrive in dettaglio quali cookie di terze parti potresti incontrare attraverso questo sito web.<\/p>\n\n\n\n<p>Questo sito Web utilizza Google Analytics, che \u00e8 una delle soluzioni di analisi pi\u00f9 diffuse e affidabili sul Web, per aiutarci a capire come utilizzi il sito Web e come possiamo migliorare la tua esperienza. Questi cookie possono tenere traccia di cose come quanto tempo trascorri sul sito e quali pagine visiti in modo che possiamo continuare a produrre contenuti accattivanti.<\/p>\n\n\n\n<p>Per ulteriori informazioni sui cookie di Google Analytics, consultare la pagina ufficiale di Google Analytics.<\/p>\n\n\n\n<p>Le analisi di terze parti vengono utilizzate per tracciare e misurare l&#039;utilizzo di questo sito in modo che possiamo continuare a produrre contenuti accattivanti. Questi cookie possono tenere traccia di cose come quanto tempo trascorri sul sito o quali pagine visiti, il che ci aiuta a capire come possiamo migliorare il sito per te.<\/p>\n\n\n\n<p>Periodicamente, testiamo nuove funzionalit\u00e0 e apportiamo sottili modifiche all&#039;aspetto del sito. Quando stiamo ancora testando nuove funzionalit\u00e0, questi cookie possono essere utilizzati per assicurarti di ricevere un&#039;esperienza coerente mentre sei sul sito, comprendendo al contempo quali ottimizzazioni i nostri utenti apprezzano di pi\u00f9.<\/p>\n\n\n\n<p>Poich\u00e9 vendiamo prodotti, \u00e8 importante per noi comprendere le statistiche su quanti visitatori del nostro sito effettuano effettivamente un acquisto, e quindi questo \u00e8 il tipo di dati che questi cookie tracceranno. Questo \u00e8 importante per te in quanto significa che possiamo fare previsioni aziendali accurate che ci consentono di analizzare i nostri costi pubblicitari e di prodotto per garantire il miglior prezzo possibile.<\/p>\n\n\n\n<p>Impegno dell&#039;utente<\/p>\n\n\n\n<p>L&#039;utente si impegna a fare un uso corretto dei contenuti e delle informazioni che wenttrip offre sul sito web e con carattere enunciativo, ma non limitativo:<\/p>\n\n\n\n<p>A) Non svolgere attivit\u00e0 illegali o contrarie alla buona fede e all&#039;ordine pubblico;<\/p>\n\n\n\n<p>B) Non diffondere propaganda o contenuti di carattere razzista, xenofobo, dov&#039;\u00e8 il ballo o sfiga, qualsiasi tipo di pornografia illegale, apologia del terrorismo o contro i diritti umani;<\/p>\n\n\n\n<p>C) Non causare danni ai sistemi fisici (hardware) e logici (software) di gotrip, dei suoi fornitori o di terzi, introdurre o diffondere virus informatici o qualsiasi altro sistema hardware o software che sia in grado di causare danni sopra menzionati.<\/p>\n\n\n\n<p>Maggiori informazioni<\/p>\n\n\n\n<p>Speriamo che sia chiarito e, come accennato in precedenza, se c&#039;\u00e8 qualcosa di cui non sei sicuro di aver bisogno o meno, \u00e8 generalmente pi\u00f9 sicuro lasciare i cookie abilitati se interagisci con una delle funzionalit\u00e0 che utilizzi sul nostro sito web.<\/p>","protected":false},"excerpt":{"rendered":"<p>La tua privacy \u00e8 importante per noi. \u00c8 politica di goestrip rispettare la tua privacy in merito a qualsiasi informazione che potremmo raccogliere da te sul sito web di goestrip e su altri siti che possediamo e gestiamo. Richiediamo informazioni personali solo quando ne abbiamo veramente bisogno per fornirti un servizio. Lo facciamo con mezzi equi e legali, con...&nbsp;<a href=\"https:\/\/wenttrip.com.br\/it\/politica-sulla-riservatezza\/\" rel=\"bookmark\">Leggi tutto \u00bb<span class=\"screen-reader-text\">politica sulla riservatezza<\/span><\/a><\/p>","protected":false},"author":1,"featured_media":0,"parent":0,"menu_order":0,"comment_status":"closed","ping_status":"closed","template":"","meta":{"neve_meta_sidebar":"","neve_meta_container":"","neve_meta_enable_content_width":"","neve_meta_content_width":0,"neve_meta_title_alignment":"","neve_meta_author_avatar":"","neve_post_elements_order":"","neve_meta_disable_header":"","neve_meta_disable_footer":"","neve_meta_disable_title":"","footnotes":""},"class_list":["post-7668","page","type-page","status-publish","hentry"],"yoast_head":"<!-- This site is optimized with the Yoast SEO plugin v27.3 - https:\/\/yoast.com\/product\/yoast-seo-wordpress\/ -->\n<title>Pol\u00edtica de Privacidade - WentTrip<\/title>\n<meta name=\"description\" content=\"Pol\u00edtica de Privacidade\" \/>\n<meta name=\"robots\" content=\"index, follow, max-snippet:-1, max-image-preview:large, max-video-preview:-1\" \/>\n<link rel=\"canonical\" href=\"https:\/\/wenttrip.com.br\/it\/politica-sulla-riservatezza\/\" \/>\n<meta property=\"og:locale\" content=\"it_IT\" \/>\n<meta property=\"og:type\" content=\"article\" \/>\n<meta property=\"og:title\" content=\"Pol\u00edtica de Privacidade - WentTrip\" \/>\n<meta property=\"og:description\" content=\"Pol\u00edtica de Privacidade\" \/>\n<meta property=\"og:url\" content=\"https:\/\/wenttrip.com.br\/it\/politica-sulla-riservatezza\/\" \/>\n<meta property=\"og:site_name\" content=\"WentTrip\" \/>\n<meta property=\"article:publisher\" content=\"https:\/\/m.facebook.com\/profile.php\" \/>\n<meta property=\"article:modified_time\" content=\"2022-07-27T12:39:34+00:00\" \/>\n<meta name=\"twitter:card\" content=\"summary_large_image\" \/>\n<meta name=\"twitter:site\" content=\"@wenttrip\" \/>\n<meta name=\"twitter:label1\" content=\"Tempo di lettura stimato\" \/>\n\t<meta name=\"twitter:data1\" content=\"7 minuti\" \/>\n<script type=\"application\/ld+json\" class=\"yoast-schema-graph\">{\"@context\":\"https:\\\/\\\/schema.org\",\"@graph\":[{\"@type\":\"WebPage\",\"@id\":\"https:\\\/\\\/wenttrip.com.br\\\/it\\\/politica-sulla-riservatezza\\\/\",\"url\":\"https:\\\/\\\/wenttrip.com.br\\\/it\\\/politica-sulla-riservatezza\\\/\",\"name\":\"Pol\u00edtica de Privacidade - WentTrip\",\"isPartOf\":{\"@id\":\"https:\\\/\\\/wenttrip.com.br\\\/it\\\/#website\"},\"datePublished\":\"2022-07-27T12:13:26+00:00\",\"dateModified\":\"2022-07-27T12:39:34+00:00\",\"description\":\"Pol\u00edtica de Privacidade\",\"breadcrumb\":{\"@id\":\"https:\\\/\\\/wenttrip.com.br\\\/it\\\/politica-sulla-riservatezza\\\/#breadcrumb\"},\"inLanguage\":\"it-IT\",\"potentialAction\":[{\"@type\":\"ReadAction\",\"target\":[\"https:\\\/\\\/wenttrip.com.br\\\/it\\\/politica-sulla-riservatezza\\\/\"]}]},{\"@type\":\"BreadcrumbList\",\"@id\":\"https:\\\/\\\/wenttrip.com.br\\\/it\\\/politica-sulla-riservatezza\\\/#breadcrumb\",\"itemListElement\":[{\"@type\":\"ListItem\",\"position\":1,\"name\":\"In\u00edcio\",\"item\":\"https:\\\/\\\/wenttrip.com.br\\\/it\\\/\"},{\"@type\":\"ListItem\",\"position\":2,\"name\":\"Pol\u00edtica de Privacidade\"}]},{\"@type\":\"WebSite\",\"@id\":\"https:\\\/\\\/wenttrip.com.br\\\/it\\\/#website\",\"url\":\"https:\\\/\\\/wenttrip.com.br\\\/it\\\/\",\"name\":\"WentTrip\",\"description\":\"O seu guia completo com muitas dicas de aventuras, lugares, alimenta\u00e7\u00e3o, hot\u00e9is.\",\"publisher\":{\"@id\":\"https:\\\/\\\/wenttrip.com.br\\\/it\\\/#\\\/schema\\\/person\\\/c0ff87b449a960037fdd1b024842fcf9\"},\"potentialAction\":[{\"@type\":\"SearchAction\",\"target\":{\"@type\":\"EntryPoint\",\"urlTemplate\":\"https:\\\/\\\/wenttrip.com.br\\\/it\\\/?s={search_term_string}\"},\"query-input\":{\"@type\":\"PropertyValueSpecification\",\"valueRequired\":true,\"valueName\":\"search_term_string\"}}],\"inLanguage\":\"it-IT\"},{\"@type\":[\"Person\",\"Organization\"],\"@id\":\"https:\\\/\\\/wenttrip.com.br\\\/it\\\/#\\\/schema\\\/person\\\/c0ff87b449a960037fdd1b024842fcf9\",\"name\":\"Fernanda Machado\",\"image\":{\"@type\":\"ImageObject\",\"inLanguage\":\"it-IT\",\"@id\":\"https:\\\/\\\/wenttrip.com.br\\\/wp-content\\\/uploads\\\/2022\\\/08\\\/WentTrip-2.png\",\"url\":\"https:\\\/\\\/wenttrip.com.br\\\/wp-content\\\/uploads\\\/2022\\\/08\\\/WentTrip-2.png\",\"contentUrl\":\"https:\\\/\\\/wenttrip.com.br\\\/wp-content\\\/uploads\\\/2022\\\/08\\\/WentTrip-2.png\",\"width\":1000,\"height\":1000,\"caption\":\"Fernanda Machado\"},\"logo\":{\"@id\":\"https:\\\/\\\/wenttrip.com.br\\\/wp-content\\\/uploads\\\/2022\\\/08\\\/WentTrip-2.png\"},\"description\":\"Aprendi que a vida \u00e9 mais leve quando colocamos uma mochila nas costas junto com sonhos. Amo viajar! Tenho 34 anos, mam\u00e3e de 3 cachorros: A Pantufa, O mutley e o Mixuruca. Compartilhamos nossas experi\u00eancias por aqui, esperamos que gostem!\",\"sameAs\":[\"https:\\\/\\\/wenttrip.com.br\",\"https:\\\/\\\/m.facebook.com\\\/profile.php\",\"https:\\\/\\\/www.instagram.com\\\/wenttrip\\\/\",\"https:\\\/\\\/x.com\\\/https:\\\/\\\/twitter.com\\\/wenttrip\",\"https:\\\/\\\/www.youtube.com\\\/c\\\/WentTrip\\\/videos\"]}]}<\/script>\n<!-- \/ Yoast SEO plugin. -->","yoast_head_json":{"title":"Informativa sulla privacy - WentTrip","description":"politica sulla riservatezza","robots":{"index":"index","follow":"follow","max-snippet":"max-snippet:-1","max-image-preview":"max-image-preview:large","max-video-preview":"max-video-preview:-1"},"canonical":"https:\/\/wenttrip.com.br\/it\/politica-sulla-riservatezza\/","og_locale":"it_IT","og_type":"article","og_title":"Pol\u00edtica de Privacidade - WentTrip","og_description":"Pol\u00edtica de Privacidade","og_url":"https:\/\/wenttrip.com.br\/it\/politica-sulla-riservatezza\/","og_site_name":"WentTrip","article_publisher":"https:\/\/m.facebook.com\/profile.php","article_modified_time":"2022-07-27T12:39:34+00:00","twitter_card":"summary_large_image","twitter_site":"@wenttrip","twitter_misc":{"Tempo di lettura stimato":"7 minuti"},"schema":{"@context":"https:\/\/schema.org","@graph":[{"@type":"WebPage","@id":"https:\/\/wenttrip.com.br\/it\/politica-sulla-riservatezza\/","url":"https:\/\/wenttrip.com.br\/it\/politica-sulla-riservatezza\/","name":"Informativa sulla privacy - WentTrip","isPartOf":{"@id":"https:\/\/wenttrip.com.br\/it\/#website"},"datePublished":"2022-07-27T12:13:26+00:00","dateModified":"2022-07-27T12:39:34+00:00","description":"politica sulla riservatezza","breadcrumb":{"@id":"https:\/\/wenttrip.com.br\/it\/politica-sulla-riservatezza\/#breadcrumb"},"inLanguage":"it-IT","potentialAction":[{"@type":"ReadAction","target":["https:\/\/wenttrip.com.br\/it\/politica-sulla-riservatezza\/"]}]},{"@type":"BreadcrumbList","@id":"https:\/\/wenttrip.com.br\/it\/politica-sulla-riservatezza\/#breadcrumb","itemListElement":[{"@type":"ListItem","position":1,"name":"In\u00edcio","item":"https:\/\/wenttrip.com.br\/it\/"},{"@type":"ListItem","position":2,"name":"Pol\u00edtica de Privacidade"}]},{"@type":"WebSite","@id":"https:\/\/wenttrip.com.br\/it\/#website","url":"https:\/\/wenttrip.com.br\/it\/","name":"Andato in viaggio","description":"La tua guida completa con tanti consigli su avventure, luoghi, cibo, hotel.","publisher":{"@id":"https:\/\/wenttrip.com.br\/it\/#\/schema\/person\/c0ff87b449a960037fdd1b024842fcf9"},"potentialAction":[{"@type":"SearchAction","target":{"@type":"EntryPoint","urlTemplate":"https:\/\/wenttrip.com.br\/it\/?s={search_term_string}"},"query-input":{"@type":"PropertyValueSpecification","valueRequired":true,"valueName":"search_term_string"}}],"inLanguage":"it-IT"},{"@type":["Person","Organization"],"@id":"https:\/\/wenttrip.com.br\/it\/#\/schema\/person\/c0ff87b449a960037fdd1b024842fcf9","name":"Fernanda Macchado","image":{"@type":"ImageObject","inLanguage":"it-IT","@id":"https:\/\/wenttrip.com.br\/wp-content\/uploads\/2022\/08\/WentTrip-2.png","url":"https:\/\/wenttrip.com.br\/wp-content\/uploads\/2022\/08\/WentTrip-2.png","contentUrl":"https:\/\/wenttrip.com.br\/wp-content\/uploads\/2022\/08\/WentTrip-2.png","width":1000,"height":1000,"caption":"Fernanda Machado"},"logo":{"@id":"https:\/\/wenttrip.com.br\/wp-content\/uploads\/2022\/08\/WentTrip-2.png"},"description":"Ho imparato che la vita \u00e8 pi\u00f9 leggera quando ci mettiamo uno zaino in spalla insieme ai sogni. Amo viaggiare! Ho 34 anni, mamma di 3 cani: Pantufa, Mutley e Mixuruca. Condividiamo qui le nostre esperienze, speriamo vi piaccia!","sameAs":["https:\/\/wenttrip.com.br","https:\/\/m.facebook.com\/profile.php","https:\/\/www.instagram.com\/wenttrip\/","https:\/\/x.com\/https:\/\/twitter.com\/wenttrip","https:\/\/www.youtube.com\/c\/WentTrip\/videos"]}]}},"_links":{"self":[{"href":"https:\/\/wenttrip.com.br\/it\/wp-json\/wp\/v2\/pages\/7668","targetHints":{"allow":["GET"]}}],"collection":[{"href":"https:\/\/wenttrip.com.br\/it\/wp-json\/wp\/v2\/pages"}],"about":[{"href":"https:\/\/wenttrip.com.br\/it\/wp-json\/wp\/v2\/types\/page"}],"author":[{"embeddable":true,"href":"https:\/\/wenttrip.com.br\/it\/wp-json\/wp\/v2\/users\/1"}],"replies":[{"embeddable":true,"href":"https:\/\/wenttrip.com.br\/it\/wp-json\/wp\/v2\/comments?post=7668"}],"version-history":[{"count":0,"href":"https:\/\/wenttrip.com.br\/it\/wp-json\/wp\/v2\/pages\/7668\/revisions"}],"wp:attachment":[{"href":"https:\/\/wenttrip.com.br\/it\/wp-json\/wp\/v2\/media?parent=7668"}],"curies":[{"name":"parola chiave","href":"https:\/\/api.w.org\/{rel}","templated":true}]}}