{"id":7667,"date":"2022-07-27T12:13:25","date_gmt":"2022-07-27T12:13:25","guid":{"rendered":"https:\/\/wenttrip.com.br\/?page_id=7667"},"modified":"2022-07-27T12:34:36","modified_gmt":"2022-07-27T12:34:36","slug":"termos-de-uso","status":"publish","type":"page","link":"https:\/\/wenttrip.com.br\/it\/termini-di-utilizzo\/","title":{"rendered":"Termini di utilizzo"},"content":{"rendered":"<p>1. Termini<\/p>\n\n\n\n<p>Accedendo al sito web di gotrip, accetti di rispettare questi termini di servizio, tutte le leggi e i regolamenti applicabili e accetti di essere responsabile del rispetto di tutte le leggi locali applicabili. Se non sei d&#039;accordo con nessuno di questi termini, ti \u00e8 proibito utilizzare o accedere a questo sito web. I materiali contenuti in questo sito sono protetti dalle leggi applicabili sul diritto d&#039;autore e sui marchi.<\/p>\n\n\n\n<p>2. Uso della licenza<\/p>\n\n\n\n<p>\u00c8 concesso il permesso di scaricare temporaneamente una copia dei materiali (informazioni o software) sul sito Web di gotrip solo per la visualizzazione temporanea personale e non commerciale. Questa \u00e8 la concessione di una licenza, non un trasferimento di titolo, e in base a questa licenza non puoi:<\/p>\n\n\n\n<p>modificare o copiare i materiali;<\/p>\n\n\n\n<p>utilizzare i materiali per qualsiasi scopo commerciale o per esposizione pubblica (commerciale o non commerciale);<\/p>\n\n\n\n<p>tentare di decompilare o decodificare qualsiasi software contenuto nel sito Web di gotrip;<\/p>\n\n\n\n<p>rimuovere qualsiasi copyright o altre annotazioni proprietarie dai materiali; o<\/p>\n\n\n\n<p>trasferire i materiali a un&#039;altra persona o &quot;rispecchiare&quot; i materiali su qualsiasi altro server.<\/p>\n\n\n\n<p>Questa licenza cesser\u00e0 automaticamente in caso di violazione di una qualsiasi di queste restrizioni e potrebbe essere revocata da gotrip in qualsiasi momento. Al termine della visualizzazione di questi materiali o al termine della presente licenza, \u00e8 necessario eliminare tutti i materiali scaricati in tuo possesso, in formato elettronico o cartaceo.<\/p>\n\n\n\n<p>3. Dichiarazione di non responsabilit\u00e0<\/p>\n\n\n\n<p>I materiali sul sito web di gotrip sono forniti &quot;cos\u00ec come sono&quot;. gotrip non fornisce alcuna garanzia, esplicita o implicita, e con la presente declina ogni altra garanzia, incluse, senza limitazioni, garanzie implicite o condizioni di commerciabilit\u00e0, idoneit\u00e0 per uno scopo particolare o non violazione della propriet\u00e0 intellettuale o altra violazione dei diritti.<\/p>\n\n\n\n<p>Inoltre, gotrip non garantisce n\u00e9 rilascia alcuna dichiarazione in merito all&#039;accuratezza, ai risultati probabili o all&#039;affidabilit\u00e0 dell&#039;uso dei materiali sul proprio sito Web o in altro modo in relazione a tali materiali o sui siti Web collegati a questo sito Web.<\/p>\n\n\n\n<p>4. Limitazioni<\/p>\n\n\n\n<p>In nessun caso gotrip o i suoi fornitori saranno ritenuti responsabili per eventuali danni (inclusi, a titolo esemplificativo, danni per perdita di dati o profitti o per interruzione dell&#039;attivit\u00e0) derivanti dall&#039;uso o dall&#039;impossibilit\u00e0 di utilizzare i materiali su gotrip, anche se un rappresentante autorizzato di gotrip \u00e8 stato informato oralmente o per iscritto della possibilit\u00e0 di tali danni. Poich\u00e9 alcune giurisdizioni non consentono limitazioni alle garanzie implicite o limitazioni alla responsabilit\u00e0 per danni consequenziali o incidentali, queste limitazioni potrebbero non essere applicabili all&#039;utente.<\/p>\n\n\n\n<p>5. Precisione dei materiali<\/p>\n\n\n\n<p>I materiali che appaiono sul sito web di gotrip potrebbero includere errori tecnici, tipografici o fotografici. gotrip non garantisce che il materiale sul proprio sito Web sia accurato, completo o aggiornato. gotrip pu\u00f2 apportare modifiche ai materiali contenuti nel proprio sito Web in qualsiasi momento senza preavviso. gotrip, tuttavia, non si impegna ad aggiornare i materiali.<\/p>\n\n\n\n<p>6. Collegamenti<\/p>\n\n\n\n<p>gotrip non ha esaminato tutti i siti collegati al proprio sito e non \u00e8 responsabile del contenuto di alcun sito collegato. L&#039;inclusione di qualsiasi collegamento non implica l&#039;approvazione da parte di Gotrip del sito. L&#039;uso di qualsiasi sito collegato \u00e8 a rischio e pericolo dell&#039;utente.<\/p>\n\n\n\n<p>Modifiche<\/p>\n\n\n\n<p>gotrip pu\u00f2 modificare i termini di servizio del sito Web in qualsiasi momento senza preavviso. Utilizzando questo sito, accetti di essere vincolato dalla versione corrente di questi termini di servizio.<\/p>\n\n\n\n<p>Legge applicabile<\/p>\n\n\n\n<p>Questi termini e condizioni sono regolati e interpretati in conformit\u00e0 con le leggi di gotrip e l&#039;utente si sottopone irrevocabilmente alla giurisdizione esclusiva dei tribunali di quello stato o localit\u00e0.<\/p>","protected":false},"excerpt":{"rendered":"<p>1. Termini Accedendo al sito web goestrip, accetti di essere vincolato dai presenti termini di servizio, da tutte le leggi e i regolamenti applicabili e accetti di essere responsabile del rispetto di tutte le leggi locali applicabili. Se non sei d&#039;accordo con uno qualsiasi di questi termini, ti \u00e8 vietato utilizzare o accedere a questo sito. I materiali contenuti in questo sito sono...&nbsp;<a href=\"https:\/\/wenttrip.com.br\/it\/termini-di-utilizzo\/\" rel=\"bookmark\">Leggi tutto \u00bb<span class=\"screen-reader-text\">Termini di utilizzo<\/span><\/a><\/p>","protected":false},"author":1,"featured_media":0,"parent":0,"menu_order":0,"comment_status":"closed","ping_status":"closed","template":"","meta":{"neve_meta_sidebar":"","neve_meta_container":"","neve_meta_enable_content_width":"","neve_meta_content_width":0,"neve_meta_title_alignment":"","neve_meta_author_avatar":"","neve_post_elements_order":"","neve_meta_disable_header":"","neve_meta_disable_footer":"","neve_meta_disable_title":"","footnotes":""},"class_list":["post-7667","page","type-page","status-publish","hentry"],"yoast_head":"<!-- This site is optimized with the Yoast SEO plugin v27.3 - https:\/\/yoast.com\/product\/yoast-seo-wordpress\/ -->\n<title>Termos de Uso - WentTrip<\/title>\n<meta name=\"description\" content=\"Termos de Uso\" \/>\n<meta name=\"robots\" content=\"index, follow, max-snippet:-1, max-image-preview:large, max-video-preview:-1\" \/>\n<link rel=\"canonical\" href=\"https:\/\/wenttrip.com.br\/it\/termini-di-utilizzo\/\" \/>\n<meta property=\"og:locale\" content=\"it_IT\" \/>\n<meta property=\"og:type\" content=\"article\" \/>\n<meta property=\"og:title\" content=\"Termos de Uso - WentTrip\" \/>\n<meta property=\"og:description\" content=\"Termos de Uso\" \/>\n<meta property=\"og:url\" content=\"https:\/\/wenttrip.com.br\/it\/termini-di-utilizzo\/\" \/>\n<meta property=\"og:site_name\" content=\"WentTrip\" \/>\n<meta property=\"article:publisher\" content=\"https:\/\/m.facebook.com\/profile.php\" \/>\n<meta property=\"article:modified_time\" content=\"2022-07-27T12:34:36+00:00\" \/>\n<meta name=\"twitter:card\" content=\"summary_large_image\" \/>\n<meta name=\"twitter:site\" content=\"@wenttrip\" \/>\n<meta name=\"twitter:label1\" content=\"Tempo di lettura stimato\" \/>\n\t<meta name=\"twitter:data1\" content=\"4 minuti\" \/>\n<script type=\"application\/ld+json\" class=\"yoast-schema-graph\">{\"@context\":\"https:\\\/\\\/schema.org\",\"@graph\":[{\"@type\":\"WebPage\",\"@id\":\"https:\\\/\\\/wenttrip.com.br\\\/it\\\/termini-di-utilizzo\\\/\",\"url\":\"https:\\\/\\\/wenttrip.com.br\\\/it\\\/termini-di-utilizzo\\\/\",\"name\":\"Termos de Uso - WentTrip\",\"isPartOf\":{\"@id\":\"https:\\\/\\\/wenttrip.com.br\\\/it\\\/#website\"},\"datePublished\":\"2022-07-27T12:13:25+00:00\",\"dateModified\":\"2022-07-27T12:34:36+00:00\",\"description\":\"Termos de Uso\",\"breadcrumb\":{\"@id\":\"https:\\\/\\\/wenttrip.com.br\\\/it\\\/termini-di-utilizzo\\\/#breadcrumb\"},\"inLanguage\":\"it-IT\",\"potentialAction\":[{\"@type\":\"ReadAction\",\"target\":[\"https:\\\/\\\/wenttrip.com.br\\\/it\\\/termini-di-utilizzo\\\/\"]}]},{\"@type\":\"BreadcrumbList\",\"@id\":\"https:\\\/\\\/wenttrip.com.br\\\/it\\\/termini-di-utilizzo\\\/#breadcrumb\",\"itemListElement\":[{\"@type\":\"ListItem\",\"position\":1,\"name\":\"In\u00edcio\",\"item\":\"https:\\\/\\\/wenttrip.com.br\\\/it\\\/\"},{\"@type\":\"ListItem\",\"position\":2,\"name\":\"Termos de Uso\"}]},{\"@type\":\"WebSite\",\"@id\":\"https:\\\/\\\/wenttrip.com.br\\\/it\\\/#website\",\"url\":\"https:\\\/\\\/wenttrip.com.br\\\/it\\\/\",\"name\":\"WentTrip\",\"description\":\"O seu guia completo com muitas dicas de aventuras, lugares, alimenta\u00e7\u00e3o, hot\u00e9is.\",\"publisher\":{\"@id\":\"https:\\\/\\\/wenttrip.com.br\\\/it\\\/#\\\/schema\\\/person\\\/c0ff87b449a960037fdd1b024842fcf9\"},\"potentialAction\":[{\"@type\":\"SearchAction\",\"target\":{\"@type\":\"EntryPoint\",\"urlTemplate\":\"https:\\\/\\\/wenttrip.com.br\\\/it\\\/?s={search_term_string}\"},\"query-input\":{\"@type\":\"PropertyValueSpecification\",\"valueRequired\":true,\"valueName\":\"search_term_string\"}}],\"inLanguage\":\"it-IT\"},{\"@type\":[\"Person\",\"Organization\"],\"@id\":\"https:\\\/\\\/wenttrip.com.br\\\/it\\\/#\\\/schema\\\/person\\\/c0ff87b449a960037fdd1b024842fcf9\",\"name\":\"Fernanda Machado\",\"image\":{\"@type\":\"ImageObject\",\"inLanguage\":\"it-IT\",\"@id\":\"https:\\\/\\\/wenttrip.com.br\\\/wp-content\\\/uploads\\\/2022\\\/08\\\/WentTrip-2.png\",\"url\":\"https:\\\/\\\/wenttrip.com.br\\\/wp-content\\\/uploads\\\/2022\\\/08\\\/WentTrip-2.png\",\"contentUrl\":\"https:\\\/\\\/wenttrip.com.br\\\/wp-content\\\/uploads\\\/2022\\\/08\\\/WentTrip-2.png\",\"width\":1000,\"height\":1000,\"caption\":\"Fernanda Machado\"},\"logo\":{\"@id\":\"https:\\\/\\\/wenttrip.com.br\\\/wp-content\\\/uploads\\\/2022\\\/08\\\/WentTrip-2.png\"},\"description\":\"Aprendi que a vida \u00e9 mais leve quando colocamos uma mochila nas costas junto com sonhos. Amo viajar! Tenho 34 anos, mam\u00e3e de 3 cachorros: A Pantufa, O mutley e o Mixuruca. Compartilhamos nossas experi\u00eancias por aqui, esperamos que gostem!\",\"sameAs\":[\"https:\\\/\\\/wenttrip.com.br\",\"https:\\\/\\\/m.facebook.com\\\/profile.php\",\"https:\\\/\\\/www.instagram.com\\\/wenttrip\\\/\",\"https:\\\/\\\/x.com\\\/https:\\\/\\\/twitter.com\\\/wenttrip\",\"https:\\\/\\\/www.youtube.com\\\/c\\\/WentTrip\\\/videos\"]}]}<\/script>\n<!-- \/ Yoast SEO plugin. -->","yoast_head_json":{"title":"Condizioni d&#039;uso - WentTrip","description":"Termini di utilizzo","robots":{"index":"index","follow":"follow","max-snippet":"max-snippet:-1","max-image-preview":"max-image-preview:large","max-video-preview":"max-video-preview:-1"},"canonical":"https:\/\/wenttrip.com.br\/it\/termini-di-utilizzo\/","og_locale":"it_IT","og_type":"article","og_title":"Termos de Uso - WentTrip","og_description":"Termos de Uso","og_url":"https:\/\/wenttrip.com.br\/it\/termini-di-utilizzo\/","og_site_name":"WentTrip","article_publisher":"https:\/\/m.facebook.com\/profile.php","article_modified_time":"2022-07-27T12:34:36+00:00","twitter_card":"summary_large_image","twitter_site":"@wenttrip","twitter_misc":{"Tempo di lettura stimato":"4 minuti"},"schema":{"@context":"https:\/\/schema.org","@graph":[{"@type":"WebPage","@id":"https:\/\/wenttrip.com.br\/it\/termini-di-utilizzo\/","url":"https:\/\/wenttrip.com.br\/it\/termini-di-utilizzo\/","name":"Condizioni d&#039;uso - WentTrip","isPartOf":{"@id":"https:\/\/wenttrip.com.br\/it\/#website"},"datePublished":"2022-07-27T12:13:25+00:00","dateModified":"2022-07-27T12:34:36+00:00","description":"Termini di utilizzo","breadcrumb":{"@id":"https:\/\/wenttrip.com.br\/it\/termini-di-utilizzo\/#breadcrumb"},"inLanguage":"it-IT","potentialAction":[{"@type":"ReadAction","target":["https:\/\/wenttrip.com.br\/it\/termini-di-utilizzo\/"]}]},{"@type":"BreadcrumbList","@id":"https:\/\/wenttrip.com.br\/it\/termini-di-utilizzo\/#breadcrumb","itemListElement":[{"@type":"ListItem","position":1,"name":"In\u00edcio","item":"https:\/\/wenttrip.com.br\/it\/"},{"@type":"ListItem","position":2,"name":"Termos de Uso"}]},{"@type":"WebSite","@id":"https:\/\/wenttrip.com.br\/it\/#website","url":"https:\/\/wenttrip.com.br\/it\/","name":"Andato in viaggio","description":"La tua guida completa con tanti consigli su avventure, luoghi, cibo, hotel.","publisher":{"@id":"https:\/\/wenttrip.com.br\/it\/#\/schema\/person\/c0ff87b449a960037fdd1b024842fcf9"},"potentialAction":[{"@type":"SearchAction","target":{"@type":"EntryPoint","urlTemplate":"https:\/\/wenttrip.com.br\/it\/?s={search_term_string}"},"query-input":{"@type":"PropertyValueSpecification","valueRequired":true,"valueName":"search_term_string"}}],"inLanguage":"it-IT"},{"@type":["Person","Organization"],"@id":"https:\/\/wenttrip.com.br\/it\/#\/schema\/person\/c0ff87b449a960037fdd1b024842fcf9","name":"Fernanda Macchado","image":{"@type":"ImageObject","inLanguage":"it-IT","@id":"https:\/\/wenttrip.com.br\/wp-content\/uploads\/2022\/08\/WentTrip-2.png","url":"https:\/\/wenttrip.com.br\/wp-content\/uploads\/2022\/08\/WentTrip-2.png","contentUrl":"https:\/\/wenttrip.com.br\/wp-content\/uploads\/2022\/08\/WentTrip-2.png","width":1000,"height":1000,"caption":"Fernanda Machado"},"logo":{"@id":"https:\/\/wenttrip.com.br\/wp-content\/uploads\/2022\/08\/WentTrip-2.png"},"description":"Ho imparato che la vita \u00e8 pi\u00f9 leggera quando ci mettiamo uno zaino in spalla insieme ai sogni. Amo viaggiare! Ho 34 anni, mamma di 3 cani: Pantufa, Mutley e Mixuruca. Condividiamo qui le nostre esperienze, speriamo vi piaccia!","sameAs":["https:\/\/wenttrip.com.br","https:\/\/m.facebook.com\/profile.php","https:\/\/www.instagram.com\/wenttrip\/","https:\/\/x.com\/https:\/\/twitter.com\/wenttrip","https:\/\/www.youtube.com\/c\/WentTrip\/videos"]}]}},"_links":{"self":[{"href":"https:\/\/wenttrip.com.br\/it\/wp-json\/wp\/v2\/pages\/7667","targetHints":{"allow":["GET"]}}],"collection":[{"href":"https:\/\/wenttrip.com.br\/it\/wp-json\/wp\/v2\/pages"}],"about":[{"href":"https:\/\/wenttrip.com.br\/it\/wp-json\/wp\/v2\/types\/page"}],"author":[{"embeddable":true,"href":"https:\/\/wenttrip.com.br\/it\/wp-json\/wp\/v2\/users\/1"}],"replies":[{"embeddable":true,"href":"https:\/\/wenttrip.com.br\/it\/wp-json\/wp\/v2\/comments?post=7667"}],"version-history":[{"count":0,"href":"https:\/\/wenttrip.com.br\/it\/wp-json\/wp\/v2\/pages\/7667\/revisions"}],"wp:attachment":[{"href":"https:\/\/wenttrip.com.br\/it\/wp-json\/wp\/v2\/media?parent=7667"}],"curies":[{"name":"parola chiave","href":"https:\/\/api.w.org\/{rel}","templated":true}]}}