{"id":7666,"date":"2022-07-27T12:13:25","date_gmt":"2022-07-27T12:13:25","guid":{"rendered":"https:\/\/wenttrip.com.br\/?page_id=7666"},"modified":"2023-05-04T16:09:07","modified_gmt":"2023-05-04T19:09:07","slug":"sobre","status":"publish","type":"page","link":"https:\/\/wenttrip.com.br\/it\/su\/","title":{"rendered":"Di"},"content":{"rendered":"<p><em>Siamo la coppia Fernanda e Guilherme, ci siamo conosciuti nel 2013<\/em>, abbiamo iniziato a frequentarci nel 2014.<\/p>\n\n\n\n<p>Guilherme ha fatto il suo primo viaggio negli Stati Uniti nel 2013, ha percorso l&#039;intero paese in 40 giorni (abbiamo articoli su tutto questo itinerario), i tempi sono stati pi\u00f9 difficili, ha anche tagliato l&#039;erba per poter risparmiare qualche soldo e completare il viaggio. <\/p>\n\n\n\n<p>Dopo un po&#039; anche Fernanda si \u00e8 imbarcata in questo, quindi abbiamo iniziato a sognarli e realizzarli, non pensare che sia facile, ma quando sogni da solo \u00e8 solo un sogno, ma quando sogni insieme: <strong>\u00e8 la realt\u00e0.<\/strong><\/p>\n\n\n\n<p><em> Cos\u00ec \u00e8 nato il nostro sito web, per aiutarti e registrare tutto sui nostri viaggi. Chi, proprio come te, ama viaggiare e cercare sempre il pi\u00f9 economico, scoprendo luoghi leggendari e vedendo il mondo esterno! <\/em><\/p>\n\n\n\n<p><em>Facciamolo insieme, imparando ad ogni viaggio e condividendo le nostre esperienze con te! <\/em><\/p>\n\n\n\n<figure class=\"wp-block-image size-large is-resized\"><img decoding=\"async\" src=\"https:\/\/wenttrip.com.br\/wp-content\/uploads\/2023\/05\/IMG_0507-768x1024.jpg\" alt=\"Guglielmo e Fernanda.\" class=\"wp-image-16400\" width=\"315\" height=\"419\" srcset=\"https:\/\/wenttrip.com.br\/wp-content\/uploads\/2023\/05\/IMG_0507-768x1024.jpg 768w, https:\/\/wenttrip.com.br\/wp-content\/uploads\/2023\/05\/IMG_0507-225x300.jpg 225w, https:\/\/wenttrip.com.br\/wp-content\/uploads\/2023\/05\/IMG_0507-1152x1536.jpg 1152w, https:\/\/wenttrip.com.br\/wp-content\/uploads\/2023\/05\/IMG_0507-1536x2048.jpg 1536w, https:\/\/wenttrip.com.br\/wp-content\/uploads\/2023\/05\/IMG_0507-9x12.jpg 9w, https:\/\/wenttrip.com.br\/wp-content\/uploads\/2023\/05\/IMG_0507-scaled.jpg 1920w\" sizes=\"(max-width: 315px) 100vw, 315px\" \/><figcaption class=\"wp-element-caption\"><em>Guglielmo e Fernanda.<\/em><\/figcaption><\/figure>\n\n\n\n<p><em>Un abbraccio, Guilherme e Fernanda.<\/em><\/p>","protected":false},"excerpt":{"rendered":"<p>Siamo una coppia Fernanda e Guilherme, ci siamo conosciuti nel 2013, abbiamo iniziato a frequentarci nel 2014. Guilherme ha fatto il suo primo viaggio negli Stati Uniti nel 2013, ha percorso l&#039;intero Paese in 40 giorni (abbiamo articoli su tutto questo itinerario), quelli furono tempi pi\u00f9 difficili, finch\u00e9 non tagli\u00f2 l&#039;erba per poter risparmiare un po&#039; di soldi e completare il viaggio.\u2026&nbsp;<a href=\"https:\/\/wenttrip.com.br\/it\/su\/\" rel=\"bookmark\">Leggi tutto \u00bb<span class=\"screen-reader-text\">Di<\/span><\/a><\/p>","protected":false},"author":1,"featured_media":0,"parent":0,"menu_order":0,"comment_status":"closed","ping_status":"closed","template":"","meta":{"neve_meta_sidebar":"","neve_meta_container":"","neve_meta_enable_content_width":"","neve_meta_content_width":0,"neve_meta_title_alignment":"","neve_meta_author_avatar":"","neve_post_elements_order":"","neve_meta_disable_header":"","neve_meta_disable_footer":"","neve_meta_disable_title":"","footnotes":""},"class_list":["post-7666","page","type-page","status-publish","hentry"],"yoast_head":"<!-- This site is optimized with the Yoast SEO plugin v27.3 - https:\/\/yoast.com\/product\/yoast-seo-wordpress\/ -->\n<title>Sobre -conhe\u00e7a-nossa-hist\u00f3ria- WentTrip<\/title>\n<meta name=\"description\" content=\"Somos o casal Fernanda e Guilherme, nos conhecemos em 2013, come\u00e7amos namorar em 2014.Guilherme fez sua primeira viagem em...\" \/>\n<meta name=\"robots\" content=\"index, follow, max-snippet:-1, max-image-preview:large, max-video-preview:-1\" \/>\n<link rel=\"canonical\" href=\"https:\/\/wenttrip.com.br\/it\/su\/\" \/>\n<meta property=\"og:locale\" content=\"it_IT\" \/>\n<meta property=\"og:type\" content=\"article\" \/>\n<meta property=\"og:title\" content=\"Sobre -conhe\u00e7a-nossa-hist\u00f3ria- WentTrip\" \/>\n<meta property=\"og:description\" content=\"Somos o casal Fernanda e Guilherme, nos conhecemos em 2013, come\u00e7amos namorar em 2014.Guilherme fez sua primeira viagem em...\" \/>\n<meta property=\"og:url\" content=\"https:\/\/wenttrip.com.br\/it\/su\/\" \/>\n<meta property=\"og:site_name\" content=\"WentTrip\" \/>\n<meta property=\"article:publisher\" content=\"https:\/\/m.facebook.com\/profile.php\" \/>\n<meta property=\"article:modified_time\" content=\"2023-05-04T19:09:07+00:00\" \/>\n<meta property=\"og:image\" content=\"https:\/\/wenttrip.com.br\/wp-content\/uploads\/2023\/05\/IMG_0507-768x1024.jpg\" \/>\n<meta name=\"twitter:card\" content=\"summary_large_image\" \/>\n<meta name=\"twitter:site\" content=\"@wenttrip\" \/>\n<meta name=\"twitter:label1\" content=\"Tempo di lettura stimato\" \/>\n\t<meta name=\"twitter:data1\" content=\"1 minuto\" \/>\n<script type=\"application\/ld+json\" class=\"yoast-schema-graph\">{\"@context\":\"https:\\\/\\\/schema.org\",\"@graph\":[{\"@type\":\"WebPage\",\"@id\":\"https:\\\/\\\/wenttrip.com.br\\\/it\\\/su\\\/\",\"url\":\"https:\\\/\\\/wenttrip.com.br\\\/it\\\/su\\\/\",\"name\":\"Sobre -conhe\u00e7a-nossa-hist\u00f3ria- WentTrip\",\"isPartOf\":{\"@id\":\"https:\\\/\\\/wenttrip.com.br\\\/it\\\/#website\"},\"primaryImageOfPage\":{\"@id\":\"https:\\\/\\\/wenttrip.com.br\\\/it\\\/su\\\/#primaryimage\"},\"image\":{\"@id\":\"https:\\\/\\\/wenttrip.com.br\\\/it\\\/su\\\/#primaryimage\"},\"thumbnailUrl\":\"https:\\\/\\\/wenttrip.com.br\\\/wp-content\\\/uploads\\\/2023\\\/05\\\/IMG_0507-768x1024.jpg\",\"datePublished\":\"2022-07-27T12:13:25+00:00\",\"dateModified\":\"2023-05-04T19:09:07+00:00\",\"description\":\"Somos o casal Fernanda e Guilherme, nos conhecemos em 2013, come\u00e7amos namorar em 2014.Guilherme fez sua primeira viagem em...\",\"breadcrumb\":{\"@id\":\"https:\\\/\\\/wenttrip.com.br\\\/it\\\/su\\\/#breadcrumb\"},\"inLanguage\":\"it-IT\",\"potentialAction\":[{\"@type\":\"ReadAction\",\"target\":[\"https:\\\/\\\/wenttrip.com.br\\\/it\\\/su\\\/\"]}]},{\"@type\":\"ImageObject\",\"inLanguage\":\"it-IT\",\"@id\":\"https:\\\/\\\/wenttrip.com.br\\\/it\\\/su\\\/#primaryimage\",\"url\":\"https:\\\/\\\/wenttrip.com.br\\\/wp-content\\\/uploads\\\/2023\\\/05\\\/IMG_0507-768x1024.jpg\",\"contentUrl\":\"https:\\\/\\\/wenttrip.com.br\\\/wp-content\\\/uploads\\\/2023\\\/05\\\/IMG_0507-768x1024.jpg\"},{\"@type\":\"BreadcrumbList\",\"@id\":\"https:\\\/\\\/wenttrip.com.br\\\/it\\\/su\\\/#breadcrumb\",\"itemListElement\":[{\"@type\":\"ListItem\",\"position\":1,\"name\":\"In\u00edcio\",\"item\":\"https:\\\/\\\/wenttrip.com.br\\\/it\\\/\"},{\"@type\":\"ListItem\",\"position\":2,\"name\":\"Sobre\"}]},{\"@type\":\"WebSite\",\"@id\":\"https:\\\/\\\/wenttrip.com.br\\\/it\\\/#website\",\"url\":\"https:\\\/\\\/wenttrip.com.br\\\/it\\\/\",\"name\":\"WentTrip\",\"description\":\"O seu guia completo com muitas dicas de aventuras, lugares, alimenta\u00e7\u00e3o, hot\u00e9is.\",\"publisher\":{\"@id\":\"https:\\\/\\\/wenttrip.com.br\\\/it\\\/#\\\/schema\\\/person\\\/c0ff87b449a960037fdd1b024842fcf9\"},\"potentialAction\":[{\"@type\":\"SearchAction\",\"target\":{\"@type\":\"EntryPoint\",\"urlTemplate\":\"https:\\\/\\\/wenttrip.com.br\\\/it\\\/?s={search_term_string}\"},\"query-input\":{\"@type\":\"PropertyValueSpecification\",\"valueRequired\":true,\"valueName\":\"search_term_string\"}}],\"inLanguage\":\"it-IT\"},{\"@type\":[\"Person\",\"Organization\"],\"@id\":\"https:\\\/\\\/wenttrip.com.br\\\/it\\\/#\\\/schema\\\/person\\\/c0ff87b449a960037fdd1b024842fcf9\",\"name\":\"Fernanda Machado\",\"image\":{\"@type\":\"ImageObject\",\"inLanguage\":\"it-IT\",\"@id\":\"https:\\\/\\\/wenttrip.com.br\\\/wp-content\\\/uploads\\\/2022\\\/08\\\/WentTrip-2.png\",\"url\":\"https:\\\/\\\/wenttrip.com.br\\\/wp-content\\\/uploads\\\/2022\\\/08\\\/WentTrip-2.png\",\"contentUrl\":\"https:\\\/\\\/wenttrip.com.br\\\/wp-content\\\/uploads\\\/2022\\\/08\\\/WentTrip-2.png\",\"width\":1000,\"height\":1000,\"caption\":\"Fernanda Machado\"},\"logo\":{\"@id\":\"https:\\\/\\\/wenttrip.com.br\\\/wp-content\\\/uploads\\\/2022\\\/08\\\/WentTrip-2.png\"},\"description\":\"Aprendi que a vida \u00e9 mais leve quando colocamos uma mochila nas costas junto com sonhos. Amo viajar! Tenho 34 anos, mam\u00e3e de 3 cachorros: A Pantufa, O mutley e o Mixuruca. Compartilhamos nossas experi\u00eancias por aqui, esperamos que gostem!\",\"sameAs\":[\"https:\\\/\\\/wenttrip.com.br\",\"https:\\\/\\\/m.facebook.com\\\/profile.php\",\"https:\\\/\\\/www.instagram.com\\\/wenttrip\\\/\",\"https:\\\/\\\/x.com\\\/https:\\\/\\\/twitter.com\\\/wenttrip\",\"https:\\\/\\\/www.youtube.com\\\/c\\\/WentTrip\\\/videos\"]}]}<\/script>\n<!-- \/ Yoast SEO plugin. -->","yoast_head_json":{"title":"Informazioni su -impara-la-nostra-storia- WentTrip","description":"Siamo la coppia Fernanda e Guilherme, ci siamo conosciuti nel 2013, abbiamo iniziato a frequentarci nel 2014.Guilherme ha fatto il suo primo viaggio a...","robots":{"index":"index","follow":"follow","max-snippet":"max-snippet:-1","max-image-preview":"max-image-preview:large","max-video-preview":"max-video-preview:-1"},"canonical":"https:\/\/wenttrip.com.br\/it\/su\/","og_locale":"it_IT","og_type":"article","og_title":"Sobre -conhe\u00e7a-nossa-hist\u00f3ria- WentTrip","og_description":"Somos o casal Fernanda e Guilherme, nos conhecemos em 2013, come\u00e7amos namorar em 2014.Guilherme fez sua primeira viagem em...","og_url":"https:\/\/wenttrip.com.br\/it\/su\/","og_site_name":"WentTrip","article_publisher":"https:\/\/m.facebook.com\/profile.php","article_modified_time":"2023-05-04T19:09:07+00:00","og_image":[{"url":"https:\/\/wenttrip.com.br\/wp-content\/uploads\/2023\/05\/IMG_0507-768x1024.jpg","type":"","width":"","height":""}],"twitter_card":"summary_large_image","twitter_site":"@wenttrip","twitter_misc":{"Tempo di lettura stimato":"1 minuto"},"schema":{"@context":"https:\/\/schema.org","@graph":[{"@type":"WebPage","@id":"https:\/\/wenttrip.com.br\/it\/su\/","url":"https:\/\/wenttrip.com.br\/it\/su\/","name":"Informazioni su -impara-la-nostra-storia- WentTrip","isPartOf":{"@id":"https:\/\/wenttrip.com.br\/it\/#website"},"primaryImageOfPage":{"@id":"https:\/\/wenttrip.com.br\/it\/su\/#primaryimage"},"image":{"@id":"https:\/\/wenttrip.com.br\/it\/su\/#primaryimage"},"thumbnailUrl":"https:\/\/wenttrip.com.br\/wp-content\/uploads\/2023\/05\/IMG_0507-768x1024.jpg","datePublished":"2022-07-27T12:13:25+00:00","dateModified":"2023-05-04T19:09:07+00:00","description":"Siamo la coppia Fernanda e Guilherme, ci siamo conosciuti nel 2013, abbiamo iniziato a frequentarci nel 2014.Guilherme ha fatto il suo primo viaggio a...","breadcrumb":{"@id":"https:\/\/wenttrip.com.br\/it\/su\/#breadcrumb"},"inLanguage":"it-IT","potentialAction":[{"@type":"ReadAction","target":["https:\/\/wenttrip.com.br\/it\/su\/"]}]},{"@type":"ImageObject","inLanguage":"it-IT","@id":"https:\/\/wenttrip.com.br\/it\/su\/#primaryimage","url":"https:\/\/wenttrip.com.br\/wp-content\/uploads\/2023\/05\/IMG_0507-768x1024.jpg","contentUrl":"https:\/\/wenttrip.com.br\/wp-content\/uploads\/2023\/05\/IMG_0507-768x1024.jpg"},{"@type":"BreadcrumbList","@id":"https:\/\/wenttrip.com.br\/it\/su\/#breadcrumb","itemListElement":[{"@type":"ListItem","position":1,"name":"In\u00edcio","item":"https:\/\/wenttrip.com.br\/it\/"},{"@type":"ListItem","position":2,"name":"Sobre"}]},{"@type":"WebSite","@id":"https:\/\/wenttrip.com.br\/it\/#website","url":"https:\/\/wenttrip.com.br\/it\/","name":"Andato in viaggio","description":"La tua guida completa con tanti consigli su avventure, luoghi, cibo, hotel.","publisher":{"@id":"https:\/\/wenttrip.com.br\/it\/#\/schema\/person\/c0ff87b449a960037fdd1b024842fcf9"},"potentialAction":[{"@type":"SearchAction","target":{"@type":"EntryPoint","urlTemplate":"https:\/\/wenttrip.com.br\/it\/?s={search_term_string}"},"query-input":{"@type":"PropertyValueSpecification","valueRequired":true,"valueName":"search_term_string"}}],"inLanguage":"it-IT"},{"@type":["Person","Organization"],"@id":"https:\/\/wenttrip.com.br\/it\/#\/schema\/person\/c0ff87b449a960037fdd1b024842fcf9","name":"Fernanda Macchado","image":{"@type":"ImageObject","inLanguage":"it-IT","@id":"https:\/\/wenttrip.com.br\/wp-content\/uploads\/2022\/08\/WentTrip-2.png","url":"https:\/\/wenttrip.com.br\/wp-content\/uploads\/2022\/08\/WentTrip-2.png","contentUrl":"https:\/\/wenttrip.com.br\/wp-content\/uploads\/2022\/08\/WentTrip-2.png","width":1000,"height":1000,"caption":"Fernanda Machado"},"logo":{"@id":"https:\/\/wenttrip.com.br\/wp-content\/uploads\/2022\/08\/WentTrip-2.png"},"description":"Ho imparato che la vita \u00e8 pi\u00f9 leggera quando ci mettiamo uno zaino in spalla insieme ai sogni. Amo viaggiare! Ho 34 anni, mamma di 3 cani: Pantufa, Mutley e Mixuruca. Condividiamo qui le nostre esperienze, speriamo vi piaccia!","sameAs":["https:\/\/wenttrip.com.br","https:\/\/m.facebook.com\/profile.php","https:\/\/www.instagram.com\/wenttrip\/","https:\/\/x.com\/https:\/\/twitter.com\/wenttrip","https:\/\/www.youtube.com\/c\/WentTrip\/videos"]}]}},"_links":{"self":[{"href":"https:\/\/wenttrip.com.br\/it\/wp-json\/wp\/v2\/pages\/7666","targetHints":{"allow":["GET"]}}],"collection":[{"href":"https:\/\/wenttrip.com.br\/it\/wp-json\/wp\/v2\/pages"}],"about":[{"href":"https:\/\/wenttrip.com.br\/it\/wp-json\/wp\/v2\/types\/page"}],"author":[{"embeddable":true,"href":"https:\/\/wenttrip.com.br\/it\/wp-json\/wp\/v2\/users\/1"}],"replies":[{"embeddable":true,"href":"https:\/\/wenttrip.com.br\/it\/wp-json\/wp\/v2\/comments?post=7666"}],"version-history":[{"count":0,"href":"https:\/\/wenttrip.com.br\/it\/wp-json\/wp\/v2\/pages\/7666\/revisions"}],"wp:attachment":[{"href":"https:\/\/wenttrip.com.br\/it\/wp-json\/wp\/v2\/media?parent=7666"}],"curies":[{"name":"parola chiave","href":"https:\/\/api.w.org\/{rel}","templated":true}]}}