{"id":103,"date":"2021-06-05T16:35:42","date_gmt":"2021-06-05T16:35:42","guid":{"rendered":"https:\/\/wenttrip.com.br\/?page_id=103"},"modified":"2023-05-04T16:12:29","modified_gmt":"2023-05-04T19:12:29","slug":"contato","status":"publish","type":"page","link":"https:\/\/wenttrip.com.br\/it\/contatto\/","title":{"rendered":"Contatto"},"content":{"rendered":"<p><strong>E-mail<\/strong>: contato@wenttrip.com.br<\/p>\n\n\n\n<p><a href=\"https:\/\/www.instagram.com\/wenttrip\/\">Instagram @wenttrip<\/a><\/p>\n\n\n\n<p>Vuoi collaborare con noi? Contatto!<\/p>\n\n\n\n<p><strong>Numero di telefono:<\/strong> +55 51 985642114<\/p>\n\n\n\n<p><\/p>\n\n\n\n<p><\/p>","protected":false},"excerpt":{"rendered":"<p>Email: contato@wenttrip.com.br Instagram @wenttrip Vuoi collaborare con noi? Contatto! Contatto telefonico: +55 51 985642114<\/p>","protected":false},"author":1,"featured_media":0,"parent":0,"menu_order":0,"comment_status":"closed","ping_status":"closed","template":"","meta":{"neve_meta_sidebar":"","neve_meta_container":"","neve_meta_enable_content_width":"","neve_meta_content_width":0,"neve_meta_title_alignment":"","neve_meta_author_avatar":"","neve_post_elements_order":"","neve_meta_disable_header":"","neve_meta_disable_footer":"","neve_meta_disable_title":"","footnotes":""},"class_list":["post-103","page","type-page","status-publish","hentry"],"yoast_head":"<!-- This site is optimized with the Yoast SEO plugin v27.3 - https:\/\/yoast.com\/product\/yoast-seo-wordpress\/ -->\n<title>Contato - WentTrip<\/title>\n<meta name=\"description\" content=\"Contato\" \/>\n<meta name=\"robots\" content=\"index, follow, max-snippet:-1, max-image-preview:large, max-video-preview:-1\" \/>\n<link rel=\"canonical\" href=\"https:\/\/wenttrip.com.br\/it\/contatto\/\" \/>\n<meta property=\"og:locale\" content=\"it_IT\" \/>\n<meta property=\"og:type\" content=\"article\" \/>\n<meta property=\"og:title\" content=\"Contato - WentTrip\" \/>\n<meta property=\"og:description\" content=\"Contato\" \/>\n<meta property=\"og:url\" content=\"https:\/\/wenttrip.com.br\/it\/contatto\/\" \/>\n<meta property=\"og:site_name\" content=\"WentTrip\" \/>\n<meta property=\"article:publisher\" content=\"https:\/\/m.facebook.com\/profile.php\" \/>\n<meta property=\"article:modified_time\" content=\"2023-05-04T19:12:29+00:00\" \/>\n<meta name=\"twitter:card\" content=\"summary_large_image\" \/>\n<meta name=\"twitter:site\" content=\"@wenttrip\" \/>\n<meta name=\"twitter:label1\" content=\"Tempo di lettura stimato\" \/>\n\t<meta name=\"twitter:data1\" content=\"1 minuto\" \/>\n<script type=\"application\/ld+json\" class=\"yoast-schema-graph\">{\"@context\":\"https:\\\/\\\/schema.org\",\"@graph\":[{\"@type\":\"WebPage\",\"@id\":\"https:\\\/\\\/wenttrip.com.br\\\/it\\\/contatto\\\/\",\"url\":\"https:\\\/\\\/wenttrip.com.br\\\/it\\\/contatto\\\/\",\"name\":\"Contato - WentTrip\",\"isPartOf\":{\"@id\":\"https:\\\/\\\/wenttrip.com.br\\\/it\\\/#website\"},\"datePublished\":\"2021-06-05T16:35:42+00:00\",\"dateModified\":\"2023-05-04T19:12:29+00:00\",\"description\":\"Contato\",\"breadcrumb\":{\"@id\":\"https:\\\/\\\/wenttrip.com.br\\\/it\\\/contatto\\\/#breadcrumb\"},\"inLanguage\":\"it-IT\",\"potentialAction\":[{\"@type\":\"ReadAction\",\"target\":[\"https:\\\/\\\/wenttrip.com.br\\\/it\\\/contatto\\\/\"]}]},{\"@type\":\"BreadcrumbList\",\"@id\":\"https:\\\/\\\/wenttrip.com.br\\\/it\\\/contatto\\\/#breadcrumb\",\"itemListElement\":[{\"@type\":\"ListItem\",\"position\":1,\"name\":\"In\u00edcio\",\"item\":\"https:\\\/\\\/wenttrip.com.br\\\/it\\\/\"},{\"@type\":\"ListItem\",\"position\":2,\"name\":\"Contato\"}]},{\"@type\":\"WebSite\",\"@id\":\"https:\\\/\\\/wenttrip.com.br\\\/it\\\/#website\",\"url\":\"https:\\\/\\\/wenttrip.com.br\\\/it\\\/\",\"name\":\"WentTrip\",\"description\":\"O seu guia completo com muitas dicas de aventuras, lugares, alimenta\u00e7\u00e3o, hot\u00e9is.\",\"publisher\":{\"@id\":\"https:\\\/\\\/wenttrip.com.br\\\/it\\\/#\\\/schema\\\/person\\\/c0ff87b449a960037fdd1b024842fcf9\"},\"potentialAction\":[{\"@type\":\"SearchAction\",\"target\":{\"@type\":\"EntryPoint\",\"urlTemplate\":\"https:\\\/\\\/wenttrip.com.br\\\/it\\\/?s={search_term_string}\"},\"query-input\":{\"@type\":\"PropertyValueSpecification\",\"valueRequired\":true,\"valueName\":\"search_term_string\"}}],\"inLanguage\":\"it-IT\"},{\"@type\":[\"Person\",\"Organization\"],\"@id\":\"https:\\\/\\\/wenttrip.com.br\\\/it\\\/#\\\/schema\\\/person\\\/c0ff87b449a960037fdd1b024842fcf9\",\"name\":\"Fernanda Machado\",\"image\":{\"@type\":\"ImageObject\",\"inLanguage\":\"it-IT\",\"@id\":\"https:\\\/\\\/wenttrip.com.br\\\/wp-content\\\/uploads\\\/2022\\\/08\\\/WentTrip-2.png\",\"url\":\"https:\\\/\\\/wenttrip.com.br\\\/wp-content\\\/uploads\\\/2022\\\/08\\\/WentTrip-2.png\",\"contentUrl\":\"https:\\\/\\\/wenttrip.com.br\\\/wp-content\\\/uploads\\\/2022\\\/08\\\/WentTrip-2.png\",\"width\":1000,\"height\":1000,\"caption\":\"Fernanda Machado\"},\"logo\":{\"@id\":\"https:\\\/\\\/wenttrip.com.br\\\/wp-content\\\/uploads\\\/2022\\\/08\\\/WentTrip-2.png\"},\"description\":\"Aprendi que a vida \u00e9 mais leve quando colocamos uma mochila nas costas junto com sonhos. Amo viajar! Tenho 34 anos, mam\u00e3e de 3 cachorros: A Pantufa, O mutley e o Mixuruca. Compartilhamos nossas experi\u00eancias por aqui, esperamos que gostem!\",\"sameAs\":[\"https:\\\/\\\/wenttrip.com.br\",\"https:\\\/\\\/m.facebook.com\\\/profile.php\",\"https:\\\/\\\/www.instagram.com\\\/wenttrip\\\/\",\"https:\\\/\\\/x.com\\\/https:\\\/\\\/twitter.com\\\/wenttrip\",\"https:\\\/\\\/www.youtube.com\\\/c\\\/WentTrip\\\/videos\"]}]}<\/script>\n<!-- \/ Yoast SEO plugin. -->","yoast_head_json":{"title":"Contatto - WentTrip","description":"Contatto","robots":{"index":"index","follow":"follow","max-snippet":"max-snippet:-1","max-image-preview":"max-image-preview:large","max-video-preview":"max-video-preview:-1"},"canonical":"https:\/\/wenttrip.com.br\/it\/contatto\/","og_locale":"it_IT","og_type":"article","og_title":"Contato - WentTrip","og_description":"Contato","og_url":"https:\/\/wenttrip.com.br\/it\/contatto\/","og_site_name":"WentTrip","article_publisher":"https:\/\/m.facebook.com\/profile.php","article_modified_time":"2023-05-04T19:12:29+00:00","twitter_card":"summary_large_image","twitter_site":"@wenttrip","twitter_misc":{"Tempo di lettura stimato":"1 minuto"},"schema":{"@context":"https:\/\/schema.org","@graph":[{"@type":"WebPage","@id":"https:\/\/wenttrip.com.br\/it\/contatto\/","url":"https:\/\/wenttrip.com.br\/it\/contatto\/","name":"Contatto - WentTrip","isPartOf":{"@id":"https:\/\/wenttrip.com.br\/it\/#website"},"datePublished":"2021-06-05T16:35:42+00:00","dateModified":"2023-05-04T19:12:29+00:00","description":"Contatto","breadcrumb":{"@id":"https:\/\/wenttrip.com.br\/it\/contatto\/#breadcrumb"},"inLanguage":"it-IT","potentialAction":[{"@type":"ReadAction","target":["https:\/\/wenttrip.com.br\/it\/contatto\/"]}]},{"@type":"BreadcrumbList","@id":"https:\/\/wenttrip.com.br\/it\/contatto\/#breadcrumb","itemListElement":[{"@type":"ListItem","position":1,"name":"In\u00edcio","item":"https:\/\/wenttrip.com.br\/it\/"},{"@type":"ListItem","position":2,"name":"Contato"}]},{"@type":"WebSite","@id":"https:\/\/wenttrip.com.br\/it\/#website","url":"https:\/\/wenttrip.com.br\/it\/","name":"Andato in viaggio","description":"La tua guida completa con tanti consigli su avventure, luoghi, cibo, hotel.","publisher":{"@id":"https:\/\/wenttrip.com.br\/it\/#\/schema\/person\/c0ff87b449a960037fdd1b024842fcf9"},"potentialAction":[{"@type":"SearchAction","target":{"@type":"EntryPoint","urlTemplate":"https:\/\/wenttrip.com.br\/it\/?s={search_term_string}"},"query-input":{"@type":"PropertyValueSpecification","valueRequired":true,"valueName":"search_term_string"}}],"inLanguage":"it-IT"},{"@type":["Person","Organization"],"@id":"https:\/\/wenttrip.com.br\/it\/#\/schema\/person\/c0ff87b449a960037fdd1b024842fcf9","name":"Fernanda Macchado","image":{"@type":"ImageObject","inLanguage":"it-IT","@id":"https:\/\/wenttrip.com.br\/wp-content\/uploads\/2022\/08\/WentTrip-2.png","url":"https:\/\/wenttrip.com.br\/wp-content\/uploads\/2022\/08\/WentTrip-2.png","contentUrl":"https:\/\/wenttrip.com.br\/wp-content\/uploads\/2022\/08\/WentTrip-2.png","width":1000,"height":1000,"caption":"Fernanda Machado"},"logo":{"@id":"https:\/\/wenttrip.com.br\/wp-content\/uploads\/2022\/08\/WentTrip-2.png"},"description":"Ho imparato che la vita \u00e8 pi\u00f9 leggera quando ci mettiamo uno zaino in spalla insieme ai sogni. Amo viaggiare! Ho 34 anni, mamma di 3 cani: Pantufa, Mutley e Mixuruca. Condividiamo qui le nostre esperienze, speriamo vi piaccia!","sameAs":["https:\/\/wenttrip.com.br","https:\/\/m.facebook.com\/profile.php","https:\/\/www.instagram.com\/wenttrip\/","https:\/\/x.com\/https:\/\/twitter.com\/wenttrip","https:\/\/www.youtube.com\/c\/WentTrip\/videos"]}]}},"_links":{"self":[{"href":"https:\/\/wenttrip.com.br\/it\/wp-json\/wp\/v2\/pages\/103","targetHints":{"allow":["GET"]}}],"collection":[{"href":"https:\/\/wenttrip.com.br\/it\/wp-json\/wp\/v2\/pages"}],"about":[{"href":"https:\/\/wenttrip.com.br\/it\/wp-json\/wp\/v2\/types\/page"}],"author":[{"embeddable":true,"href":"https:\/\/wenttrip.com.br\/it\/wp-json\/wp\/v2\/users\/1"}],"replies":[{"embeddable":true,"href":"https:\/\/wenttrip.com.br\/it\/wp-json\/wp\/v2\/comments?post=103"}],"version-history":[{"count":0,"href":"https:\/\/wenttrip.com.br\/it\/wp-json\/wp\/v2\/pages\/103\/revisions"}],"wp:attachment":[{"href":"https:\/\/wenttrip.com.br\/it\/wp-json\/wp\/v2\/media?parent=103"}],"curies":[{"name":"parola chiave","href":"https:\/\/api.w.org\/{rel}","templated":true}]}}