{"id":7666,"date":"2022-07-27T12:13:25","date_gmt":"2022-07-27T12:13:25","guid":{"rendered":"https:\/\/wenttrip.com.br\/?page_id=7666"},"modified":"2023-05-04T16:09:07","modified_gmt":"2023-05-04T19:09:07","slug":"sobre","status":"publish","type":"page","link":"https:\/\/wenttrip.com.br\/es\/sobre\/","title":{"rendered":"Sobre"},"content":{"rendered":"<p><em>Somos la pareja Fernanda y Guilherme, nos conocimos en 2013<\/em>, empezamos a salir en 2014.<\/p>\n\n\n\n<p>Guilherme hizo su primer viaje a Estados Unidos en 2013, recorri\u00f3 todo el pa\u00eds en 40 d\u00edas (tenemos art\u00edculos sobre todo este itinerario), los tiempos eran m\u00e1s dif\u00edciles, incluso cort\u00f3 el pasto para poder ahorrar algo de dinero y completar el viaje. <\/p>\n\n\n\n<p>Despu\u00e9s de un tiempo, Fernanda tambi\u00e9n se embarc\u00f3 en esto, as\u00ed que empezamos a so\u00f1ar y hacerlos realidad, no creas que es f\u00e1cil, pero cuando sue\u00f1as solo es solo un sue\u00f1o, pero cuando sue\u00f1as juntos: <strong>es la realidad.<\/strong><\/p>\n\n\n\n<p><em> Entonces surgi\u00f3 nuestro sitio web, para ayudarlo y registrar todo sobre nuestros viajes. \u00a1A quienes, como a ti, les encanta viajar y siempre buscan lo m\u00e1s barato, descubriendo lugares legendarios y conociendo el mundo exterior! <\/em><\/p>\n\n\n\n<p><em>\u00a1Hag\u00e1moslo juntos, aprendiendo en cada viaje y compartiendo nuestras experiencias contigo! <\/em><\/p>\n\n\n\n<figure class=\"wp-block-image size-large is-resized\"><img decoding=\"async\" src=\"https:\/\/wenttrip.com.br\/wp-content\/uploads\/2023\/05\/IMG_0507-768x1024.jpg\" alt=\"Guillermo y Fernanda.\" class=\"wp-image-16400\" width=\"315\" height=\"419\" srcset=\"https:\/\/wenttrip.com.br\/wp-content\/uploads\/2023\/05\/IMG_0507-768x1024.jpg 768w, https:\/\/wenttrip.com.br\/wp-content\/uploads\/2023\/05\/IMG_0507-225x300.jpg 225w, https:\/\/wenttrip.com.br\/wp-content\/uploads\/2023\/05\/IMG_0507-1152x1536.jpg 1152w, https:\/\/wenttrip.com.br\/wp-content\/uploads\/2023\/05\/IMG_0507-1536x2048.jpg 1536w, https:\/\/wenttrip.com.br\/wp-content\/uploads\/2023\/05\/IMG_0507-9x12.jpg 9w, https:\/\/wenttrip.com.br\/wp-content\/uploads\/2023\/05\/IMG_0507-scaled.jpg 1920w\" sizes=\"(max-width: 315px) 100vw, 315px\" \/><figcaption class=\"wp-element-caption\"><em>Guillermo y Fernanda.<\/em><\/figcaption><\/figure>\n\n\n\n<p><em>Un abrazo, Guilherme y Fernanda.<\/em><\/p>","protected":false},"excerpt":{"rendered":"<p>Somos la pareja Fernanda y Guilherme, nos conocimos en el 2013, empezamos a salir en el 2014. Guilherme hizo su primer viaje en el 2013 a Estados Unidos, recorri\u00f3 todo el pa\u00eds en 40 d\u00edas (tenemos art\u00edculos sobre todo este itinerario), fueron tiempos m\u00e1s dif\u00edciles, incluso cort\u00f3 pasto para poder ahorrar algo de dinero y completar el viaje.\u2026&nbsp;<a href=\"https:\/\/wenttrip.com.br\/es\/sobre\/\" rel=\"bookmark\">leer m\u00e1s &quot;<span class=\"screen-reader-text\">Sobre<\/span><\/a><\/p>","protected":false},"author":1,"featured_media":0,"parent":0,"menu_order":0,"comment_status":"closed","ping_status":"closed","template":"","meta":{"neve_meta_sidebar":"","neve_meta_container":"","neve_meta_enable_content_width":"","neve_meta_content_width":0,"neve_meta_title_alignment":"","neve_meta_author_avatar":"","neve_post_elements_order":"","neve_meta_disable_header":"","neve_meta_disable_footer":"","neve_meta_disable_title":"","footnotes":""},"class_list":["post-7666","page","type-page","status-publish","hentry"],"yoast_head":"<!-- This site is optimized with the Yoast SEO plugin v27.4 - https:\/\/yoast.com\/product\/yoast-seo-wordpress\/ -->\n<title>Sobre -conhe\u00e7a-nossa-hist\u00f3ria- WentTrip<\/title>\n<meta name=\"description\" content=\"Somos o casal Fernanda e Guilherme, nos conhecemos em 2013, come\u00e7amos namorar em 2014.Guilherme fez sua primeira viagem em...\" \/>\n<meta name=\"robots\" content=\"index, follow, max-snippet:-1, max-image-preview:large, max-video-preview:-1\" \/>\n<link rel=\"canonical\" href=\"https:\/\/wenttrip.com.br\/es\/sobre\/\" \/>\n<meta property=\"og:locale\" content=\"es_ES\" \/>\n<meta property=\"og:type\" content=\"article\" \/>\n<meta property=\"og:title\" content=\"Sobre -conhe\u00e7a-nossa-hist\u00f3ria- WentTrip\" \/>\n<meta property=\"og:description\" content=\"Somos o casal Fernanda e Guilherme, nos conhecemos em 2013, come\u00e7amos namorar em 2014.Guilherme fez sua primeira viagem em...\" \/>\n<meta property=\"og:url\" content=\"https:\/\/wenttrip.com.br\/es\/sobre\/\" \/>\n<meta property=\"og:site_name\" content=\"WentTrip\" \/>\n<meta property=\"article:publisher\" content=\"https:\/\/m.facebook.com\/profile.php\" \/>\n<meta property=\"article:modified_time\" content=\"2023-05-04T19:09:07+00:00\" \/>\n<meta property=\"og:image\" content=\"https:\/\/wenttrip.com.br\/wp-content\/uploads\/2023\/05\/IMG_0507-768x1024.jpg\" \/>\n<meta name=\"twitter:card\" content=\"summary_large_image\" \/>\n<meta name=\"twitter:site\" content=\"@wenttrip\" \/>\n<meta name=\"twitter:label1\" content=\"Tiempo de lectura\" \/>\n\t<meta name=\"twitter:data1\" content=\"1 minuto\" \/>\n<script type=\"application\/ld+json\" class=\"yoast-schema-graph\">{\"@context\":\"https:\\\/\\\/schema.org\",\"@graph\":[{\"@type\":\"WebPage\",\"@id\":\"https:\\\/\\\/wenttrip.com.br\\\/es\\\/sobre\\\/\",\"url\":\"https:\\\/\\\/wenttrip.com.br\\\/es\\\/sobre\\\/\",\"name\":\"Sobre -conhe\u00e7a-nossa-hist\u00f3ria- WentTrip\",\"isPartOf\":{\"@id\":\"https:\\\/\\\/wenttrip.com.br\\\/es\\\/#website\"},\"primaryImageOfPage\":{\"@id\":\"https:\\\/\\\/wenttrip.com.br\\\/es\\\/sobre\\\/#primaryimage\"},\"image\":{\"@id\":\"https:\\\/\\\/wenttrip.com.br\\\/es\\\/sobre\\\/#primaryimage\"},\"thumbnailUrl\":\"https:\\\/\\\/wenttrip.com.br\\\/wp-content\\\/uploads\\\/2023\\\/05\\\/IMG_0507-768x1024.jpg\",\"datePublished\":\"2022-07-27T12:13:25+00:00\",\"dateModified\":\"2023-05-04T19:09:07+00:00\",\"description\":\"Somos o casal Fernanda e Guilherme, nos conhecemos em 2013, come\u00e7amos namorar em 2014.Guilherme fez sua primeira viagem em...\",\"breadcrumb\":{\"@id\":\"https:\\\/\\\/wenttrip.com.br\\\/es\\\/sobre\\\/#breadcrumb\"},\"inLanguage\":\"es\",\"potentialAction\":[{\"@type\":\"ReadAction\",\"target\":[\"https:\\\/\\\/wenttrip.com.br\\\/es\\\/sobre\\\/\"]}]},{\"@type\":\"ImageObject\",\"inLanguage\":\"es\",\"@id\":\"https:\\\/\\\/wenttrip.com.br\\\/es\\\/sobre\\\/#primaryimage\",\"url\":\"https:\\\/\\\/wenttrip.com.br\\\/wp-content\\\/uploads\\\/2023\\\/05\\\/IMG_0507-768x1024.jpg\",\"contentUrl\":\"https:\\\/\\\/wenttrip.com.br\\\/wp-content\\\/uploads\\\/2023\\\/05\\\/IMG_0507-768x1024.jpg\"},{\"@type\":\"BreadcrumbList\",\"@id\":\"https:\\\/\\\/wenttrip.com.br\\\/es\\\/sobre\\\/#breadcrumb\",\"itemListElement\":[{\"@type\":\"ListItem\",\"position\":1,\"name\":\"In\u00edcio\",\"item\":\"https:\\\/\\\/wenttrip.com.br\\\/es\\\/\"},{\"@type\":\"ListItem\",\"position\":2,\"name\":\"Sobre\"}]},{\"@type\":\"WebSite\",\"@id\":\"https:\\\/\\\/wenttrip.com.br\\\/es\\\/#website\",\"url\":\"https:\\\/\\\/wenttrip.com.br\\\/es\\\/\",\"name\":\"WentTrip\",\"description\":\"O seu guia completo com muitas dicas de aventuras, lugares, alimenta\u00e7\u00e3o, hot\u00e9is.\",\"publisher\":{\"@id\":\"https:\\\/\\\/wenttrip.com.br\\\/es\\\/#\\\/schema\\\/person\\\/c0ff87b449a960037fdd1b024842fcf9\"},\"potentialAction\":[{\"@type\":\"SearchAction\",\"target\":{\"@type\":\"EntryPoint\",\"urlTemplate\":\"https:\\\/\\\/wenttrip.com.br\\\/es\\\/?s={search_term_string}\"},\"query-input\":{\"@type\":\"PropertyValueSpecification\",\"valueRequired\":true,\"valueName\":\"search_term_string\"}}],\"inLanguage\":\"es\"},{\"@type\":[\"Person\",\"Organization\"],\"@id\":\"https:\\\/\\\/wenttrip.com.br\\\/es\\\/#\\\/schema\\\/person\\\/c0ff87b449a960037fdd1b024842fcf9\",\"name\":\"Fernanda Machado\",\"image\":{\"@type\":\"ImageObject\",\"inLanguage\":\"es\",\"@id\":\"https:\\\/\\\/wenttrip.com.br\\\/wp-content\\\/uploads\\\/2022\\\/08\\\/WentTrip-2.png\",\"url\":\"https:\\\/\\\/wenttrip.com.br\\\/wp-content\\\/uploads\\\/2022\\\/08\\\/WentTrip-2.png\",\"contentUrl\":\"https:\\\/\\\/wenttrip.com.br\\\/wp-content\\\/uploads\\\/2022\\\/08\\\/WentTrip-2.png\",\"width\":1000,\"height\":1000,\"caption\":\"Fernanda Machado\"},\"logo\":{\"@id\":\"https:\\\/\\\/wenttrip.com.br\\\/wp-content\\\/uploads\\\/2022\\\/08\\\/WentTrip-2.png\"},\"description\":\"Aprendi que a vida \u00e9 mais leve quando colocamos uma mochila nas costas junto com sonhos. Amo viajar! Tenho 34 anos, mam\u00e3e de 3 cachorros: A Pantufa, O mutley e o Mixuruca. Compartilhamos nossas experi\u00eancias por aqui, esperamos que gostem!\",\"sameAs\":[\"https:\\\/\\\/wenttrip.com.br\",\"https:\\\/\\\/m.facebook.com\\\/profile.php\",\"https:\\\/\\\/www.instagram.com\\\/wenttrip\\\/\",\"https:\\\/\\\/x.com\\\/https:\\\/\\\/twitter.com\\\/wenttrip\",\"https:\\\/\\\/www.youtube.com\\\/c\\\/WentTrip\\\/videos\"]}]}<\/script>\n<!-- \/ Yoast SEO plugin. -->","yoast_head_json":{"title":"Acerca de -conoce-nuestra-historia- WentTrip","description":"Somos la pareja Fernanda y Guilherme, nos conocimos en 2013, empezamos a salir en 2014.Guilherme hizo su primer viaje a...","robots":{"index":"index","follow":"follow","max-snippet":"max-snippet:-1","max-image-preview":"max-image-preview:large","max-video-preview":"max-video-preview:-1"},"canonical":"https:\/\/wenttrip.com.br\/es\/sobre\/","og_locale":"es_ES","og_type":"article","og_title":"Sobre -conhe\u00e7a-nossa-hist\u00f3ria- WentTrip","og_description":"Somos o casal Fernanda e Guilherme, nos conhecemos em 2013, come\u00e7amos namorar em 2014.Guilherme fez sua primeira viagem em...","og_url":"https:\/\/wenttrip.com.br\/es\/sobre\/","og_site_name":"WentTrip","article_publisher":"https:\/\/m.facebook.com\/profile.php","article_modified_time":"2023-05-04T19:09:07+00:00","og_image":[{"url":"https:\/\/wenttrip.com.br\/wp-content\/uploads\/2023\/05\/IMG_0507-768x1024.jpg","type":"","width":"","height":""}],"twitter_card":"summary_large_image","twitter_site":"@wenttrip","twitter_misc":{"Tiempo de lectura":"1 minuto"},"schema":{"@context":"https:\/\/schema.org","@graph":[{"@type":"WebPage","@id":"https:\/\/wenttrip.com.br\/es\/sobre\/","url":"https:\/\/wenttrip.com.br\/es\/sobre\/","name":"Acerca de -conoce-nuestra-historia- WentTrip","isPartOf":{"@id":"https:\/\/wenttrip.com.br\/es\/#website"},"primaryImageOfPage":{"@id":"https:\/\/wenttrip.com.br\/es\/sobre\/#primaryimage"},"image":{"@id":"https:\/\/wenttrip.com.br\/es\/sobre\/#primaryimage"},"thumbnailUrl":"https:\/\/wenttrip.com.br\/wp-content\/uploads\/2023\/05\/IMG_0507-768x1024.jpg","datePublished":"2022-07-27T12:13:25+00:00","dateModified":"2023-05-04T19:09:07+00:00","description":"Somos la pareja Fernanda y Guilherme, nos conocimos en 2013, empezamos a salir en 2014.Guilherme hizo su primer viaje a...","breadcrumb":{"@id":"https:\/\/wenttrip.com.br\/es\/sobre\/#breadcrumb"},"inLanguage":"es","potentialAction":[{"@type":"ReadAction","target":["https:\/\/wenttrip.com.br\/es\/sobre\/"]}]},{"@type":"ImageObject","inLanguage":"es","@id":"https:\/\/wenttrip.com.br\/es\/sobre\/#primaryimage","url":"https:\/\/wenttrip.com.br\/wp-content\/uploads\/2023\/05\/IMG_0507-768x1024.jpg","contentUrl":"https:\/\/wenttrip.com.br\/wp-content\/uploads\/2023\/05\/IMG_0507-768x1024.jpg"},{"@type":"BreadcrumbList","@id":"https:\/\/wenttrip.com.br\/es\/sobre\/#breadcrumb","itemListElement":[{"@type":"ListItem","position":1,"name":"In\u00edcio","item":"https:\/\/wenttrip.com.br\/es\/"},{"@type":"ListItem","position":2,"name":"Sobre"}]},{"@type":"WebSite","@id":"https:\/\/wenttrip.com.br\/es\/#website","url":"https:\/\/wenttrip.com.br\/es\/","name":"fuimos de viaje","description":"Tu gu\u00eda completa con muchos consejos sobre aventuras, lugares, comida, hoteles.","publisher":{"@id":"https:\/\/wenttrip.com.br\/es\/#\/schema\/person\/c0ff87b449a960037fdd1b024842fcf9"},"potentialAction":[{"@type":"SearchAction","target":{"@type":"EntryPoint","urlTemplate":"https:\/\/wenttrip.com.br\/es\/?s={search_term_string}"},"query-input":{"@type":"PropertyValueSpecification","valueRequired":true,"valueName":"search_term_string"}}],"inLanguage":"es"},{"@type":["Person","Organization"],"@id":"https:\/\/wenttrip.com.br\/es\/#\/schema\/person\/c0ff87b449a960037fdd1b024842fcf9","name":"Fernanda Machado","image":{"@type":"ImageObject","inLanguage":"es","@id":"https:\/\/wenttrip.com.br\/wp-content\/uploads\/2022\/08\/WentTrip-2.png","url":"https:\/\/wenttrip.com.br\/wp-content\/uploads\/2022\/08\/WentTrip-2.png","contentUrl":"https:\/\/wenttrip.com.br\/wp-content\/uploads\/2022\/08\/WentTrip-2.png","width":1000,"height":1000,"caption":"Fernanda Machado"},"logo":{"@id":"https:\/\/wenttrip.com.br\/wp-content\/uploads\/2022\/08\/WentTrip-2.png"},"description":"Aprend\u00ed que la vida es m\u00e1s ligera cuando nos ponemos una mochila a la espalda junto con los sue\u00f1os. \u00a1Amo viajar! Tengo 34 a\u00f1os, madre de 3 perros: Pantufa, Mutley y Mixuruca. Compartimos aqu\u00ed nuestras experiencias, \u00a1esperamos que os guste!","sameAs":["https:\/\/wenttrip.com.br","https:\/\/m.facebook.com\/profile.php","https:\/\/www.instagram.com\/wenttrip\/","https:\/\/x.com\/https:\/\/twitter.com\/wenttrip","https:\/\/www.youtube.com\/c\/WentTrip\/videos"]}]}},"_links":{"self":[{"href":"https:\/\/wenttrip.com.br\/es\/wp-json\/wp\/v2\/pages\/7666","targetHints":{"allow":["GET"]}}],"collection":[{"href":"https:\/\/wenttrip.com.br\/es\/wp-json\/wp\/v2\/pages"}],"about":[{"href":"https:\/\/wenttrip.com.br\/es\/wp-json\/wp\/v2\/types\/page"}],"author":[{"embeddable":true,"href":"https:\/\/wenttrip.com.br\/es\/wp-json\/wp\/v2\/users\/1"}],"replies":[{"embeddable":true,"href":"https:\/\/wenttrip.com.br\/es\/wp-json\/wp\/v2\/comments?post=7666"}],"version-history":[{"count":0,"href":"https:\/\/wenttrip.com.br\/es\/wp-json\/wp\/v2\/pages\/7666\/revisions"}],"wp:attachment":[{"href":"https:\/\/wenttrip.com.br\/es\/wp-json\/wp\/v2\/media?parent=7666"}],"curies":[{"name":"gracias","href":"https:\/\/api.w.org\/{rel}","templated":true}]}}