{"id":7666,"date":"2022-07-27T12:13:25","date_gmt":"2022-07-27T12:13:25","guid":{"rendered":"https:\/\/wenttrip.com.br\/?page_id=7666"},"modified":"2023-05-04T16:09:07","modified_gmt":"2023-05-04T19:09:07","slug":"sobre","status":"publish","type":"page","link":"https:\/\/wenttrip.com.br\/en\/about-2\/","title":{"rendered":"About"},"content":{"rendered":"<p><em>We are the couple Fernanda and Guilherme, we met in 2013<\/em>, we started dating in 2014.<\/p>\n\n\n\n<p>Guilherme made his first trip to the United States in 2013, he traveled the entire country in 40 days (we have articles about this entire itinerary), times were more difficult, he even cut the grass to be able to save some money and complete the trip. <\/p>\n\n\n\n<p>After a while, Fernanda also embarked on this, so we started to dream and make them come true, don&#039;t think it&#039;s easy, but when you dream alone it&#039;s just a dream, but when you dream together: <strong>it&#039;s reality.<\/strong><\/p>\n\n\n\n<p><em> So our website came up, to help you and record everything about our trips. Who, just like you, love to travel and always search for the cheapest, discovering legendary places and seeing the outside world! <\/em><\/p>\n\n\n\n<p><em>Let&#039;s do this together, learning on each trip and sharing our experiences with you! <\/em><\/p>\n\n\n\n<figure class=\"wp-block-image size-large is-resized\"><img decoding=\"async\" src=\"https:\/\/wenttrip.com.br\/wp-content\/uploads\/2023\/05\/IMG_0507-768x1024.jpg\" alt=\"William and Fernanda.\" class=\"wp-image-16400\" width=\"315\" height=\"419\" srcset=\"https:\/\/wenttrip.com.br\/wp-content\/uploads\/2023\/05\/IMG_0507-768x1024.jpg 768w, https:\/\/wenttrip.com.br\/wp-content\/uploads\/2023\/05\/IMG_0507-225x300.jpg 225w, https:\/\/wenttrip.com.br\/wp-content\/uploads\/2023\/05\/IMG_0507-1152x1536.jpg 1152w, https:\/\/wenttrip.com.br\/wp-content\/uploads\/2023\/05\/IMG_0507-1536x2048.jpg 1536w, https:\/\/wenttrip.com.br\/wp-content\/uploads\/2023\/05\/IMG_0507-9x12.jpg 9w, https:\/\/wenttrip.com.br\/wp-content\/uploads\/2023\/05\/IMG_0507-scaled.jpg 1920w\" sizes=\"(max-width: 315px) 100vw, 315px\" \/><figcaption class=\"wp-element-caption\"><em>William and Fernanda.<\/em><\/figcaption><\/figure>\n\n\n\n<p><em>Hugs, Guilherme and Fernanda.<\/em><\/p>","protected":false},"excerpt":{"rendered":"<p>We are the couple Fernanda and Guilherme, we met in 2013, we started dating in 2014. Guilherme made his first trip in 2013 to the United States, he traveled the entire country in 40 days (we have articles about this entire itinerary), those were more difficult times, he even cut grass so he could save up some money and complete the trip.\u2026&nbsp;<a href=\"https:\/\/wenttrip.com.br\/en\/about-2\/\" rel=\"bookmark\">Read More \u00bb<span class=\"screen-reader-text\">About<\/span><\/a><\/p>","protected":false},"author":1,"featured_media":0,"parent":0,"menu_order":0,"comment_status":"closed","ping_status":"closed","template":"","meta":{"neve_meta_sidebar":"","neve_meta_container":"","neve_meta_enable_content_width":"","neve_meta_content_width":0,"neve_meta_title_alignment":"","neve_meta_author_avatar":"","neve_post_elements_order":"","neve_meta_disable_header":"","neve_meta_disable_footer":"","neve_meta_disable_title":"","footnotes":""},"class_list":["post-7666","page","type-page","status-publish","hentry"],"yoast_head":"<!-- This site is optimized with the Yoast SEO plugin v27.3 - https:\/\/yoast.com\/product\/yoast-seo-wordpress\/ -->\n<title>Sobre -conhe\u00e7a-nossa-hist\u00f3ria- WentTrip<\/title>\n<meta name=\"description\" content=\"Somos o casal Fernanda e Guilherme, nos conhecemos em 2013, come\u00e7amos namorar em 2014.Guilherme fez sua primeira viagem em...\" \/>\n<meta name=\"robots\" content=\"index, follow, max-snippet:-1, max-image-preview:large, max-video-preview:-1\" \/>\n<link rel=\"canonical\" href=\"https:\/\/wenttrip.com.br\/en\/about-2\/\" \/>\n<meta property=\"og:locale\" content=\"en_US\" \/>\n<meta property=\"og:type\" content=\"article\" \/>\n<meta property=\"og:title\" content=\"Sobre -conhe\u00e7a-nossa-hist\u00f3ria- WentTrip\" \/>\n<meta property=\"og:description\" content=\"Somos o casal Fernanda e Guilherme, nos conhecemos em 2013, come\u00e7amos namorar em 2014.Guilherme fez sua primeira viagem em...\" \/>\n<meta property=\"og:url\" content=\"https:\/\/wenttrip.com.br\/en\/about-2\/\" \/>\n<meta property=\"og:site_name\" content=\"WentTrip\" \/>\n<meta property=\"article:publisher\" content=\"https:\/\/m.facebook.com\/profile.php\" \/>\n<meta property=\"article:modified_time\" content=\"2023-05-04T19:09:07+00:00\" \/>\n<meta property=\"og:image\" content=\"https:\/\/wenttrip.com.br\/wp-content\/uploads\/2023\/05\/IMG_0507-768x1024.jpg\" \/>\n<meta name=\"twitter:card\" content=\"summary_large_image\" \/>\n<meta name=\"twitter:site\" content=\"@wenttrip\" \/>\n<meta name=\"twitter:label1\" content=\"Est. reading time\" \/>\n\t<meta name=\"twitter:data1\" content=\"1 minute\" \/>\n<script type=\"application\/ld+json\" class=\"yoast-schema-graph\">{\"@context\":\"https:\\\/\\\/schema.org\",\"@graph\":[{\"@type\":\"WebPage\",\"@id\":\"https:\\\/\\\/wenttrip.com.br\\\/en\\\/about-2\\\/\",\"url\":\"https:\\\/\\\/wenttrip.com.br\\\/en\\\/about-2\\\/\",\"name\":\"Sobre -conhe\u00e7a-nossa-hist\u00f3ria- WentTrip\",\"isPartOf\":{\"@id\":\"https:\\\/\\\/wenttrip.com.br\\\/en\\\/#website\"},\"primaryImageOfPage\":{\"@id\":\"https:\\\/\\\/wenttrip.com.br\\\/en\\\/about-2\\\/#primaryimage\"},\"image\":{\"@id\":\"https:\\\/\\\/wenttrip.com.br\\\/en\\\/about-2\\\/#primaryimage\"},\"thumbnailUrl\":\"https:\\\/\\\/wenttrip.com.br\\\/wp-content\\\/uploads\\\/2023\\\/05\\\/IMG_0507-768x1024.jpg\",\"datePublished\":\"2022-07-27T12:13:25+00:00\",\"dateModified\":\"2023-05-04T19:09:07+00:00\",\"description\":\"Somos o casal Fernanda e Guilherme, nos conhecemos em 2013, come\u00e7amos namorar em 2014.Guilherme fez sua primeira viagem em...\",\"breadcrumb\":{\"@id\":\"https:\\\/\\\/wenttrip.com.br\\\/en\\\/about-2\\\/#breadcrumb\"},\"inLanguage\":\"en-US\",\"potentialAction\":[{\"@type\":\"ReadAction\",\"target\":[\"https:\\\/\\\/wenttrip.com.br\\\/en\\\/about-2\\\/\"]}]},{\"@type\":\"ImageObject\",\"inLanguage\":\"en-US\",\"@id\":\"https:\\\/\\\/wenttrip.com.br\\\/en\\\/about-2\\\/#primaryimage\",\"url\":\"https:\\\/\\\/wenttrip.com.br\\\/wp-content\\\/uploads\\\/2023\\\/05\\\/IMG_0507-768x1024.jpg\",\"contentUrl\":\"https:\\\/\\\/wenttrip.com.br\\\/wp-content\\\/uploads\\\/2023\\\/05\\\/IMG_0507-768x1024.jpg\"},{\"@type\":\"BreadcrumbList\",\"@id\":\"https:\\\/\\\/wenttrip.com.br\\\/en\\\/about-2\\\/#breadcrumb\",\"itemListElement\":[{\"@type\":\"ListItem\",\"position\":1,\"name\":\"In\u00edcio\",\"item\":\"https:\\\/\\\/wenttrip.com.br\\\/en\\\/\"},{\"@type\":\"ListItem\",\"position\":2,\"name\":\"Sobre\"}]},{\"@type\":\"WebSite\",\"@id\":\"https:\\\/\\\/wenttrip.com.br\\\/en\\\/#website\",\"url\":\"https:\\\/\\\/wenttrip.com.br\\\/en\\\/\",\"name\":\"WentTrip\",\"description\":\"O seu guia completo com muitas dicas de aventuras, lugares, alimenta\u00e7\u00e3o, hot\u00e9is.\",\"publisher\":{\"@id\":\"https:\\\/\\\/wenttrip.com.br\\\/en\\\/#\\\/schema\\\/person\\\/c0ff87b449a960037fdd1b024842fcf9\"},\"potentialAction\":[{\"@type\":\"SearchAction\",\"target\":{\"@type\":\"EntryPoint\",\"urlTemplate\":\"https:\\\/\\\/wenttrip.com.br\\\/en\\\/?s={search_term_string}\"},\"query-input\":{\"@type\":\"PropertyValueSpecification\",\"valueRequired\":true,\"valueName\":\"search_term_string\"}}],\"inLanguage\":\"en-US\"},{\"@type\":[\"Person\",\"Organization\"],\"@id\":\"https:\\\/\\\/wenttrip.com.br\\\/en\\\/#\\\/schema\\\/person\\\/c0ff87b449a960037fdd1b024842fcf9\",\"name\":\"Fernanda Machado\",\"image\":{\"@type\":\"ImageObject\",\"inLanguage\":\"en-US\",\"@id\":\"https:\\\/\\\/wenttrip.com.br\\\/wp-content\\\/uploads\\\/2022\\\/08\\\/WentTrip-2.png\",\"url\":\"https:\\\/\\\/wenttrip.com.br\\\/wp-content\\\/uploads\\\/2022\\\/08\\\/WentTrip-2.png\",\"contentUrl\":\"https:\\\/\\\/wenttrip.com.br\\\/wp-content\\\/uploads\\\/2022\\\/08\\\/WentTrip-2.png\",\"width\":1000,\"height\":1000,\"caption\":\"Fernanda Machado\"},\"logo\":{\"@id\":\"https:\\\/\\\/wenttrip.com.br\\\/wp-content\\\/uploads\\\/2022\\\/08\\\/WentTrip-2.png\"},\"description\":\"Aprendi que a vida \u00e9 mais leve quando colocamos uma mochila nas costas junto com sonhos. Amo viajar! Tenho 34 anos, mam\u00e3e de 3 cachorros: A Pantufa, O mutley e o Mixuruca. Compartilhamos nossas experi\u00eancias por aqui, esperamos que gostem!\",\"sameAs\":[\"https:\\\/\\\/wenttrip.com.br\",\"https:\\\/\\\/m.facebook.com\\\/profile.php\",\"https:\\\/\\\/www.instagram.com\\\/wenttrip\\\/\",\"https:\\\/\\\/x.com\\\/https:\\\/\\\/twitter.com\\\/wenttrip\",\"https:\\\/\\\/www.youtube.com\\\/c\\\/WentTrip\\\/videos\"]}]}<\/script>\n<!-- \/ Yoast SEO plugin. -->","yoast_head_json":{"title":"About -learn-our-history- WentTrip","description":"We are the couple Fernanda and Guilherme, we met in 2013, we started dating in 2014.Guilherme took his first trip to...","robots":{"index":"index","follow":"follow","max-snippet":"max-snippet:-1","max-image-preview":"max-image-preview:large","max-video-preview":"max-video-preview:-1"},"canonical":"https:\/\/wenttrip.com.br\/en\/about-2\/","og_locale":"en_US","og_type":"article","og_title":"Sobre -conhe\u00e7a-nossa-hist\u00f3ria- WentTrip","og_description":"Somos o casal Fernanda e Guilherme, nos conhecemos em 2013, come\u00e7amos namorar em 2014.Guilherme fez sua primeira viagem em...","og_url":"https:\/\/wenttrip.com.br\/en\/about-2\/","og_site_name":"WentTrip","article_publisher":"https:\/\/m.facebook.com\/profile.php","article_modified_time":"2023-05-04T19:09:07+00:00","og_image":[{"url":"https:\/\/wenttrip.com.br\/wp-content\/uploads\/2023\/05\/IMG_0507-768x1024.jpg","type":"","width":"","height":""}],"twitter_card":"summary_large_image","twitter_site":"@wenttrip","twitter_misc":{"Est. reading time":"1 minute"},"schema":{"@context":"https:\/\/schema.org","@graph":[{"@type":"WebPage","@id":"https:\/\/wenttrip.com.br\/en\/about-2\/","url":"https:\/\/wenttrip.com.br\/en\/about-2\/","name":"About -learn-our-history- WentTrip","isPartOf":{"@id":"https:\/\/wenttrip.com.br\/en\/#website"},"primaryImageOfPage":{"@id":"https:\/\/wenttrip.com.br\/en\/about-2\/#primaryimage"},"image":{"@id":"https:\/\/wenttrip.com.br\/en\/about-2\/#primaryimage"},"thumbnailUrl":"https:\/\/wenttrip.com.br\/wp-content\/uploads\/2023\/05\/IMG_0507-768x1024.jpg","datePublished":"2022-07-27T12:13:25+00:00","dateModified":"2023-05-04T19:09:07+00:00","description":"We are the couple Fernanda and Guilherme, we met in 2013, we started dating in 2014.Guilherme took his first trip to...","breadcrumb":{"@id":"https:\/\/wenttrip.com.br\/en\/about-2\/#breadcrumb"},"inLanguage":"en-US","potentialAction":[{"@type":"ReadAction","target":["https:\/\/wenttrip.com.br\/en\/about-2\/"]}]},{"@type":"ImageObject","inLanguage":"en-US","@id":"https:\/\/wenttrip.com.br\/en\/about-2\/#primaryimage","url":"https:\/\/wenttrip.com.br\/wp-content\/uploads\/2023\/05\/IMG_0507-768x1024.jpg","contentUrl":"https:\/\/wenttrip.com.br\/wp-content\/uploads\/2023\/05\/IMG_0507-768x1024.jpg"},{"@type":"BreadcrumbList","@id":"https:\/\/wenttrip.com.br\/en\/about-2\/#breadcrumb","itemListElement":[{"@type":"ListItem","position":1,"name":"In\u00edcio","item":"https:\/\/wenttrip.com.br\/en\/"},{"@type":"ListItem","position":2,"name":"Sobre"}]},{"@type":"WebSite","@id":"https:\/\/wenttrip.com.br\/en\/#website","url":"https:\/\/wenttrip.com.br\/en\/","name":"WentTrip","description":"Your complete guide with lots of tips on adventures, places, food, hotels.","publisher":{"@id":"https:\/\/wenttrip.com.br\/en\/#\/schema\/person\/c0ff87b449a960037fdd1b024842fcf9"},"potentialAction":[{"@type":"SearchAction","target":{"@type":"EntryPoint","urlTemplate":"https:\/\/wenttrip.com.br\/en\/?s={search_term_string}"},"query-input":{"@type":"PropertyValueSpecification","valueRequired":true,"valueName":"search_term_string"}}],"inLanguage":"en-US"},{"@type":["Person","Organization"],"@id":"https:\/\/wenttrip.com.br\/en\/#\/schema\/person\/c0ff87b449a960037fdd1b024842fcf9","name":"Fernanda Machado","image":{"@type":"ImageObject","inLanguage":"en-US","@id":"https:\/\/wenttrip.com.br\/wp-content\/uploads\/2022\/08\/WentTrip-2.png","url":"https:\/\/wenttrip.com.br\/wp-content\/uploads\/2022\/08\/WentTrip-2.png","contentUrl":"https:\/\/wenttrip.com.br\/wp-content\/uploads\/2022\/08\/WentTrip-2.png","width":1000,"height":1000,"caption":"Fernanda Machado"},"logo":{"@id":"https:\/\/wenttrip.com.br\/wp-content\/uploads\/2022\/08\/WentTrip-2.png"},"description":"I learned that life is lighter when we put a backpack on our back along with dreams. I love to travel! I&#039;m 34 years old, mother of 3 dogs: Pantufa, Mutley and Mixuruca. We share our experiences here, we hope you like it!","sameAs":["https:\/\/wenttrip.com.br","https:\/\/m.facebook.com\/profile.php","https:\/\/www.instagram.com\/wenttrip\/","https:\/\/x.com\/https:\/\/twitter.com\/wenttrip","https:\/\/www.youtube.com\/c\/WentTrip\/videos"]}]}},"_links":{"self":[{"href":"https:\/\/wenttrip.com.br\/en\/wp-json\/wp\/v2\/pages\/7666","targetHints":{"allow":["GET"]}}],"collection":[{"href":"https:\/\/wenttrip.com.br\/en\/wp-json\/wp\/v2\/pages"}],"about":[{"href":"https:\/\/wenttrip.com.br\/en\/wp-json\/wp\/v2\/types\/page"}],"author":[{"embeddable":true,"href":"https:\/\/wenttrip.com.br\/en\/wp-json\/wp\/v2\/users\/1"}],"replies":[{"embeddable":true,"href":"https:\/\/wenttrip.com.br\/en\/wp-json\/wp\/v2\/comments?post=7666"}],"version-history":[{"count":0,"href":"https:\/\/wenttrip.com.br\/en\/wp-json\/wp\/v2\/pages\/7666\/revisions"}],"wp:attachment":[{"href":"https:\/\/wenttrip.com.br\/en\/wp-json\/wp\/v2\/media?parent=7666"}],"curies":[{"name":"wp","href":"https:\/\/api.w.org\/{rel}","templated":true}]}}