{"id":7668,"date":"2022-07-27T12:13:26","date_gmt":"2022-07-27T12:13:26","guid":{"rendered":"https:\/\/wenttrip.com.br\/?page_id=7668"},"modified":"2022-07-27T12:39:34","modified_gmt":"2022-07-27T12:39:34","slug":"politica-de-privacidade","status":"publish","type":"page","link":"https:\/\/wenttrip.com.br\/de\/datenschutz-bestimmungen\/","title":{"rendered":"Datenschutz-Bestimmungen"},"content":{"rendered":"<p>Ihre Privatsph\u00e4re ist uns wichtig. Es ist die Richtlinie von wonttrip, Ihre Privatsph\u00e4re in Bezug auf alle Informationen zu respektieren, die wir von Ihnen auf der wonttrip-Website und anderen Websites, die wir besitzen und betreiben, sammeln.<\/p>\n\n\n\n<p>Wir fragen nur dann nach personenbezogenen Daten, wenn wir sie wirklich ben\u00f6tigen, um Ihnen einen Service zu bieten. Wir tun dies mit fairen und rechtm\u00e4\u00dfigen Mitteln, mit Ihrem Wissen und Ihrer Zustimmung. Wir teilen Ihnen auch mit, warum wir sie sammeln und wie sie verwendet werden.<\/p>\n\n\n\n<p>Wir bewahren gesammelte Informationen nur so lange auf, wie es f\u00fcr die Bereitstellung des angeforderten Dienstes erforderlich ist. Wenn wir Daten speichern, sch\u00fctzen wir sie mit wirtschaftlich akzeptablen Mitteln, um Verlust und Diebstahl sowie unbefugten Zugriff, Offenlegung, Kopieren, Verwendung oder \u00c4nderung zu verhindern.<\/p>\n\n\n\n<p>Wir geben personenbezogene Daten nicht \u00f6ffentlich oder an Dritte weiter, es sei denn, dies ist gesetzlich vorgeschrieben.<\/p>\n\n\n\n<p>Unsere Website kann Links zu externen Websites enthalten, die nicht von uns betrieben werden. Bitte beachten Sie, dass wir keine Kontrolle \u00fcber den Inhalt und die Praktiken dieser Websites haben und keine Verantwortung f\u00fcr ihre jeweiligen Datenschutzrichtlinien \u00fcbernehmen k\u00f6nnen.<\/p>\n\n\n\n<p>Es steht Ihnen frei, unsere Anfrage nach personenbezogenen Daten abzulehnen, da wir Ihnen m\u00f6glicherweise einige der gew\u00fcnschten Dienstleistungen nicht anbieten k\u00f6nnen.<\/p>\n\n\n\n<p>Ihre fortgesetzte Nutzung unserer Website gilt als Zustimmung zu unseren Praktiken in Bezug auf Datenschutz und personenbezogene Daten. Wenn Sie Fragen dazu haben, wie wir mit Benutzerdaten und pers\u00f6nlichen Informationen umgehen, kontaktieren Sie uns bitte.<\/p>\n\n\n\n<p>wonttrip Cookie-Richtlinie<\/p>\n\n\n\n<p>Was sind Cookies?<\/p>\n\n\n\n<p>Wie bei fast allen professionellen Websites \u00fcblich, verwendet diese Website Cookies, kleine Dateien, die auf Ihren Computer heruntergeladen werden, um Ihr Erlebnis zu verbessern. Diese Seite beschreibt, welche Informationen sie sammeln, wie wir sie verwenden und warum wir diese Cookies manchmal speichern m\u00fcssen. Wir teilen Ihnen auch mit, wie Sie verhindern k\u00f6nnen, dass diese Cookies gespeichert werden, dies kann jedoch bestimmte Elemente der Funktionalit\u00e4t der Website herabsetzen oder \u201ebrechen\u201c.<\/p>\n\n\n\n<p>Wie verwenden wir Cookies?<\/p>\n\n\n\n<p>Wir verwenden Cookies aus verschiedenen Gr\u00fcnden, die unten aufgef\u00fchrt sind. Leider gibt es in den meisten F\u00e4llen keine branchen\u00fcblichen Optionen zum Deaktivieren von Cookies, ohne die Funktionalit\u00e4t und Features, die sie dieser Website hinzuf\u00fcgen, vollst\u00e4ndig zu deaktivieren. Es wird empfohlen, alle Cookies wegzulassen, wenn Sie sich nicht sicher sind, ob Sie sie ben\u00f6tigen oder nicht, wenn sie zur Bereitstellung eines von Ihnen genutzten Dienstes verwendet werden.<\/p>\n\n\n\n<p>Cookies deaktivieren<\/p>\n\n\n\n<p>Sie k\u00f6nnen das Setzen von Cookies verhindern, indem Sie Ihre Browsereinstellungen anpassen (Informationen dazu finden Sie in der Hilfe Ihres Browsers). Bitte beachten Sie, dass das Deaktivieren von Cookies die Funktionalit\u00e4t dieser und vieler anderer Websites, die Sie besuchen, beeintr\u00e4chtigt. Das Deaktivieren von Cookies f\u00fchrt im Allgemeinen dazu, dass bestimmte Funktionen und Merkmale dieser Website deaktiviert werden. Daher wird empfohlen, Cookies nicht zu deaktivieren.<\/p>\n\n\n\n<p>Cookies, die wir setzen<\/p>\n\n\n\n<p>Kontobezogene Cookies<\/p>\n\n\n\n<p>Wenn Sie ein Konto bei uns erstellen, verwenden wir Cookies f\u00fcr die Verwaltung des Registrierungsprozesses und die allgemeine Verwaltung. Diese Cookies werden im Allgemeinen gel\u00f6scht, wenn Sie sich abmelden, in einigen F\u00e4llen k\u00f6nnen sie jedoch auch danach bestehen bleiben, um sich an Ihre Website-Einstellungen zu erinnern, wenn Sie sich abmelden.<\/p>\n\n\n\n<p>Anmeldebezogene Cookies<\/p>\n\n\n\n<p>Wir verwenden Cookies, wenn Sie angemeldet sind, damit wir uns an diese Aktion erinnern k\u00f6nnen. Dies erspart Ihnen, sich jedes Mal neu anzumelden, wenn Sie eine neue Seite besuchen. Diese Cookies werden normalerweise entfernt oder gel\u00f6scht, wenn Sie sich abmelden, um sicherzustellen, dass Sie nur auf eingeschr\u00e4nkte Funktionen und Bereiche zugreifen k\u00f6nnen, wenn Sie sich anmelden.<\/p>\n\n\n\n<p>Cookies im Zusammenhang mit E-Mail-Newslettern<\/p>\n\n\n\n<p>Diese Website bietet Newsletter- oder E-Mail-Abonnementdienste an und Cookies k\u00f6nnen verwendet werden, um sich daran zu erinnern, ob Sie bereits registriert sind und ob bestimmte Benachrichtigungen angezeigt werden sollen, die nur f\u00fcr abonnierte\/nicht abonnierte Benutzer g\u00fcltig sind.<\/p>\n\n\n\n<p>Bestellungen verarbeiten verwandte Cookies<\/p>\n\n\n\n<p>Diese Website bietet E-Commerce- oder Zahlungsm\u00f6glichkeiten und einige Cookies sind unerl\u00e4sslich, um sicherzustellen, dass Ihre Bestellung zwischen den Seiten gespeichert wird, damit wir sie ordnungsgem\u00e4\u00df verarbeiten k\u00f6nnen.<\/p>\n\n\n\n<p>Suchen Sie nach verwandten Cookies<\/p>\n\n\n\n<p>Von Zeit zu Zeit bieten wir Umfragen und Quiz an, um Ihnen interessante Informationen, n\u00fctzliche Tools oder unsere Nutzerbasis n\u00e4her zu bringen. Diese Umfragen k\u00f6nnen Cookies verwenden, um sich daran zu erinnern, wer bereits an einer Umfrage teilgenommen hat, oder um nach einem Seitenwechsel genaue Ergebnisse bereitzustellen.<\/p>\n\n\n\n<p>Formularbezogene Cookies<\/p>\n\n\n\n<p>Wenn Sie Daten \u00fcber ein Formular \u00fcbermitteln, wie es auf Kontaktseiten oder Kommentarformularen zu finden ist, k\u00f6nnen Cookies gesetzt werden, um Ihre Benutzerdaten f\u00fcr zuk\u00fcnftige Korrespondenz zu speichern.<\/p>\n\n\n\n<p>Website-Pr\u00e4ferenz-Cookies<\/p>\n\n\n\n<p>Um Ihnen ein optimales Erlebnis auf dieser Website zu bieten, stellen wir Funktionen bereit, mit denen Sie Ihre Pr\u00e4ferenzen f\u00fcr die Leistung dieser Website festlegen k\u00f6nnen, wenn Sie sie verwenden. Um Ihre Pr\u00e4ferenzen zu speichern, m\u00fcssen wir Cookies setzen, damit diese Informationen abgerufen werden k\u00f6nnen, wenn Sie mit einer Seite interagieren, die von Ihren Pr\u00e4ferenzen betroffen ist.<\/p>\n\n\n\n<p>Cookies von Drittanbietern<\/p>\n\n\n\n<p>In einigen Sonderf\u00e4llen verwenden wir auch Cookies, die von vertrauensw\u00fcrdigen Drittanbietern bereitgestellt werden. Der folgende Abschnitt beschreibt, auf welche Cookies von Drittanbietern Sie m\u00f6glicherweise \u00fcber diese Website sto\u00dfen.<\/p>\n\n\n\n<p>Diese Website verwendet Google Analytics, eine der am weitesten verbreiteten und vertrauensw\u00fcrdigsten Analysel\u00f6sungen im Internet, damit wir verstehen, wie Sie die Website nutzen und wie wir Ihre Erfahrung verbessern k\u00f6nnen. Diese Cookies k\u00f6nnen beispielsweise nachverfolgen, wie lange Sie auf der Website verbringen und welche Seiten Sie besuchen, damit wir weiterhin ansprechende Inhalte erstellen k\u00f6nnen.<\/p>\n\n\n\n<p>Weitere Informationen zu Google Analytics-Cookies finden Sie auf der offiziellen Google Analytics-Seite.<\/p>\n\n\n\n<p>Analysen von Drittanbietern werden verwendet, um die Nutzung dieser Website zu verfolgen und zu messen, damit wir weiterhin ansprechende Inhalte erstellen k\u00f6nnen. Diese Cookies k\u00f6nnen beispielsweise nachverfolgen, wie lange Sie auf der Website verbringen oder welche Seiten Sie besuchen, was uns hilft zu verstehen, wie wir die Website f\u00fcr Sie verbessern k\u00f6nnen.<\/p>\n\n\n\n<p>In regelm\u00e4\u00dfigen Abst\u00e4nden testen wir neue Funktionen und nehmen subtile \u00c4nderungen am Aussehen der Website vor. Wenn wir noch neue Funktionen testen, k\u00f6nnen diese Cookies verwendet werden, um sicherzustellen, dass Sie auf der Website ein konsistentes Erlebnis erhalten und gleichzeitig verstehen, welche Optimierungen unsere Benutzer am meisten sch\u00e4tzen.<\/p>\n\n\n\n<p>Da wir Produkte verkaufen, ist es f\u00fcr uns wichtig, Statistiken dar\u00fcber zu verstehen, wie viele Besucher unserer Website tats\u00e4chlich einen Kauf t\u00e4tigen, und daher ist dies die Art von Daten, die diese Cookies verfolgen. Dies ist wichtig f\u00fcr Sie, da wir so genaue Gesch\u00e4ftsprognosen erstellen k\u00f6nnen, die es uns erm\u00f6glichen, unsere Werbe- und Produktkosten zu analysieren, um den bestm\u00f6glichen Preis zu gew\u00e4hrleisten.<\/p>\n\n\n\n<p>Benutzerbindung<\/p>\n\n\n\n<p>Der Benutzer verpflichtet sich, die Inhalte und Informationen, die wonttrip auf der Website anbietet, ordnungsgem\u00e4\u00df zu nutzen und zwar mit einem aussagekr\u00e4ftigen, aber nicht einschr\u00e4nkenden Charakter:<\/p>\n\n\n\n<p>A) sich nicht an Aktivit\u00e4ten zu beteiligen, die illegal sind oder gegen Treu und Glauben und die \u00f6ffentliche Ordnung versto\u00dfen;<\/p>\n\n\n\n<p>B) keine Propaganda oder Inhalte zu verbreiten, die rassistisch, fremdenfeindlich, wo ist der Ball oder Pech, jede Art von illegaler Pornografie, Entschuldigung f\u00fcr Terrorismus oder gegen Menschenrechte;<\/p>\n\n\n\n<p>C) Keine Sch\u00e4den an den physischen (Hardware) und logischen (Software) Systemen von wonttrip, seinen Lieferanten oder Dritten zu verursachen, Computerviren oder andere Hardware- oder Softwaresysteme einzuf\u00fchren oder zu verbreiten, die in der Lage sind, die oben genannten Sch\u00e4den zu verursachen.<\/p>\n\n\n\n<p>Mehr Informationen<\/p>\n\n\n\n<p>Hoffentlich ist das gekl\u00e4rt, und wie bereits erw\u00e4hnt, wenn Sie sich nicht sicher sind, ob Sie etwas brauchen oder nicht, ist es im Allgemeinen sicherer, Cookies aktiviert zu lassen, wenn Sie mit einer der Funktionen interagieren, die Sie auf unserer Website verwenden.<\/p>","protected":false},"excerpt":{"rendered":"<p>Ihre Privatsph\u00e4re ist uns wichtig. Es ist die Richtlinie von Wenttrip, Ihre Privatsph\u00e4re in Bezug auf alle Informationen zu respektieren, die wir auf der Wenttrip-Website und anderen Websites, die wir besitzen und betreiben, von Ihnen sammeln. Wir fordern personenbezogene Daten nur dann an, wenn wir sie wirklich ben\u00f6tigen, um Ihnen eine Dienstleistung bereitzustellen. Wir tun dies auf faire und legale Weise, mit\u2026&nbsp;<a href=\"https:\/\/wenttrip.com.br\/de\/datenschutz-bestimmungen\/\" rel=\"bookmark\">Weiterlesen \u00bb<span class=\"screen-reader-text\">Datenschutz-Bestimmungen<\/span><\/a><\/p>","protected":false},"author":1,"featured_media":0,"parent":0,"menu_order":0,"comment_status":"closed","ping_status":"closed","template":"","meta":{"neve_meta_sidebar":"","neve_meta_container":"","neve_meta_enable_content_width":"","neve_meta_content_width":0,"neve_meta_title_alignment":"","neve_meta_author_avatar":"","neve_post_elements_order":"","neve_meta_disable_header":"","neve_meta_disable_footer":"","neve_meta_disable_title":"","footnotes":""},"class_list":["post-7668","page","type-page","status-publish","hentry"],"yoast_head":"<!-- This site is optimized with the Yoast SEO plugin v27.4 - https:\/\/yoast.com\/product\/yoast-seo-wordpress\/ -->\n<title>Pol\u00edtica de Privacidade - WentTrip<\/title>\n<meta name=\"description\" content=\"Pol\u00edtica de Privacidade\" \/>\n<meta name=\"robots\" content=\"index, follow, max-snippet:-1, max-image-preview:large, max-video-preview:-1\" \/>\n<link rel=\"canonical\" href=\"https:\/\/wenttrip.com.br\/de\/datenschutz-bestimmungen\/\" \/>\n<meta property=\"og:locale\" content=\"de_DE\" \/>\n<meta property=\"og:type\" content=\"article\" \/>\n<meta property=\"og:title\" content=\"Pol\u00edtica de Privacidade - WentTrip\" \/>\n<meta property=\"og:description\" content=\"Pol\u00edtica de Privacidade\" \/>\n<meta property=\"og:url\" content=\"https:\/\/wenttrip.com.br\/de\/datenschutz-bestimmungen\/\" \/>\n<meta property=\"og:site_name\" content=\"WentTrip\" \/>\n<meta property=\"article:publisher\" content=\"https:\/\/m.facebook.com\/profile.php\" \/>\n<meta property=\"article:modified_time\" content=\"2022-07-27T12:39:34+00:00\" \/>\n<meta name=\"twitter:card\" content=\"summary_large_image\" \/>\n<meta name=\"twitter:site\" content=\"@wenttrip\" \/>\n<meta name=\"twitter:label1\" content=\"Gesch\u00e4tzte Lesezeit\" \/>\n\t<meta name=\"twitter:data1\" content=\"7\u00a0Minuten\" \/>\n<script type=\"application\/ld+json\" class=\"yoast-schema-graph\">{\"@context\":\"https:\\\/\\\/schema.org\",\"@graph\":[{\"@type\":\"WebPage\",\"@id\":\"https:\\\/\\\/wenttrip.com.br\\\/de\\\/datenschutz-bestimmungen\\\/\",\"url\":\"https:\\\/\\\/wenttrip.com.br\\\/de\\\/datenschutz-bestimmungen\\\/\",\"name\":\"Pol\u00edtica de Privacidade - WentTrip\",\"isPartOf\":{\"@id\":\"https:\\\/\\\/wenttrip.com.br\\\/de\\\/#website\"},\"datePublished\":\"2022-07-27T12:13:26+00:00\",\"dateModified\":\"2022-07-27T12:39:34+00:00\",\"description\":\"Pol\u00edtica de Privacidade\",\"breadcrumb\":{\"@id\":\"https:\\\/\\\/wenttrip.com.br\\\/de\\\/datenschutz-bestimmungen\\\/#breadcrumb\"},\"inLanguage\":\"de\",\"potentialAction\":[{\"@type\":\"ReadAction\",\"target\":[\"https:\\\/\\\/wenttrip.com.br\\\/de\\\/datenschutz-bestimmungen\\\/\"]}]},{\"@type\":\"BreadcrumbList\",\"@id\":\"https:\\\/\\\/wenttrip.com.br\\\/de\\\/datenschutz-bestimmungen\\\/#breadcrumb\",\"itemListElement\":[{\"@type\":\"ListItem\",\"position\":1,\"name\":\"In\u00edcio\",\"item\":\"https:\\\/\\\/wenttrip.com.br\\\/de\\\/\"},{\"@type\":\"ListItem\",\"position\":2,\"name\":\"Pol\u00edtica de Privacidade\"}]},{\"@type\":\"WebSite\",\"@id\":\"https:\\\/\\\/wenttrip.com.br\\\/de\\\/#website\",\"url\":\"https:\\\/\\\/wenttrip.com.br\\\/de\\\/\",\"name\":\"WentTrip\",\"description\":\"O seu guia completo com muitas dicas de aventuras, lugares, alimenta\u00e7\u00e3o, hot\u00e9is.\",\"publisher\":{\"@id\":\"https:\\\/\\\/wenttrip.com.br\\\/de\\\/#\\\/schema\\\/person\\\/c0ff87b449a960037fdd1b024842fcf9\"},\"potentialAction\":[{\"@type\":\"SearchAction\",\"target\":{\"@type\":\"EntryPoint\",\"urlTemplate\":\"https:\\\/\\\/wenttrip.com.br\\\/de\\\/?s={search_term_string}\"},\"query-input\":{\"@type\":\"PropertyValueSpecification\",\"valueRequired\":true,\"valueName\":\"search_term_string\"}}],\"inLanguage\":\"de\"},{\"@type\":[\"Person\",\"Organization\"],\"@id\":\"https:\\\/\\\/wenttrip.com.br\\\/de\\\/#\\\/schema\\\/person\\\/c0ff87b449a960037fdd1b024842fcf9\",\"name\":\"Fernanda Machado\",\"image\":{\"@type\":\"ImageObject\",\"inLanguage\":\"de\",\"@id\":\"https:\\\/\\\/wenttrip.com.br\\\/wp-content\\\/uploads\\\/2022\\\/08\\\/WentTrip-2.png\",\"url\":\"https:\\\/\\\/wenttrip.com.br\\\/wp-content\\\/uploads\\\/2022\\\/08\\\/WentTrip-2.png\",\"contentUrl\":\"https:\\\/\\\/wenttrip.com.br\\\/wp-content\\\/uploads\\\/2022\\\/08\\\/WentTrip-2.png\",\"width\":1000,\"height\":1000,\"caption\":\"Fernanda Machado\"},\"logo\":{\"@id\":\"https:\\\/\\\/wenttrip.com.br\\\/wp-content\\\/uploads\\\/2022\\\/08\\\/WentTrip-2.png\"},\"description\":\"Aprendi que a vida \u00e9 mais leve quando colocamos uma mochila nas costas junto com sonhos. Amo viajar! Tenho 34 anos, mam\u00e3e de 3 cachorros: A Pantufa, O mutley e o Mixuruca. Compartilhamos nossas experi\u00eancias por aqui, esperamos que gostem!\",\"sameAs\":[\"https:\\\/\\\/wenttrip.com.br\",\"https:\\\/\\\/m.facebook.com\\\/profile.php\",\"https:\\\/\\\/www.instagram.com\\\/wenttrip\\\/\",\"https:\\\/\\\/x.com\\\/https:\\\/\\\/twitter.com\\\/wenttrip\",\"https:\\\/\\\/www.youtube.com\\\/c\\\/WentTrip\\\/videos\"]}]}<\/script>\n<!-- \/ Yoast SEO plugin. -->","yoast_head_json":{"title":"Datenschutzrichtlinie - WentTrip","description":"Datenschutz-Bestimmungen","robots":{"index":"index","follow":"follow","max-snippet":"max-snippet:-1","max-image-preview":"max-image-preview:large","max-video-preview":"max-video-preview:-1"},"canonical":"https:\/\/wenttrip.com.br\/de\/datenschutz-bestimmungen\/","og_locale":"de_DE","og_type":"article","og_title":"Pol\u00edtica de Privacidade - WentTrip","og_description":"Pol\u00edtica de Privacidade","og_url":"https:\/\/wenttrip.com.br\/de\/datenschutz-bestimmungen\/","og_site_name":"WentTrip","article_publisher":"https:\/\/m.facebook.com\/profile.php","article_modified_time":"2022-07-27T12:39:34+00:00","twitter_card":"summary_large_image","twitter_site":"@wenttrip","twitter_misc":{"Gesch\u00e4tzte Lesezeit":"7\u00a0Minuten"},"schema":{"@context":"https:\/\/schema.org","@graph":[{"@type":"WebPage","@id":"https:\/\/wenttrip.com.br\/de\/datenschutz-bestimmungen\/","url":"https:\/\/wenttrip.com.br\/de\/datenschutz-bestimmungen\/","name":"Datenschutzrichtlinie - WentTrip","isPartOf":{"@id":"https:\/\/wenttrip.com.br\/de\/#website"},"datePublished":"2022-07-27T12:13:26+00:00","dateModified":"2022-07-27T12:39:34+00:00","description":"Datenschutz-Bestimmungen","breadcrumb":{"@id":"https:\/\/wenttrip.com.br\/de\/datenschutz-bestimmungen\/#breadcrumb"},"inLanguage":"de","potentialAction":[{"@type":"ReadAction","target":["https:\/\/wenttrip.com.br\/de\/datenschutz-bestimmungen\/"]}]},{"@type":"BreadcrumbList","@id":"https:\/\/wenttrip.com.br\/de\/datenschutz-bestimmungen\/#breadcrumb","itemListElement":[{"@type":"ListItem","position":1,"name":"In\u00edcio","item":"https:\/\/wenttrip.com.br\/de\/"},{"@type":"ListItem","position":2,"name":"Pol\u00edtica de Privacidade"}]},{"@type":"WebSite","@id":"https:\/\/wenttrip.com.br\/de\/#website","url":"https:\/\/wenttrip.com.br\/de\/","name":"WentTrip","description":"Ihr kompletter Reisef\u00fchrer mit vielen Tipps zu Abenteuern, Orten, Essen, Hotels.","publisher":{"@id":"https:\/\/wenttrip.com.br\/de\/#\/schema\/person\/c0ff87b449a960037fdd1b024842fcf9"},"potentialAction":[{"@type":"SearchAction","target":{"@type":"EntryPoint","urlTemplate":"https:\/\/wenttrip.com.br\/de\/?s={search_term_string}"},"query-input":{"@type":"PropertyValueSpecification","valueRequired":true,"valueName":"search_term_string"}}],"inLanguage":"de"},{"@type":["Person","Organization"],"@id":"https:\/\/wenttrip.com.br\/de\/#\/schema\/person\/c0ff87b449a960037fdd1b024842fcf9","name":"Fernanda Machado","image":{"@type":"ImageObject","inLanguage":"de","@id":"https:\/\/wenttrip.com.br\/wp-content\/uploads\/2022\/08\/WentTrip-2.png","url":"https:\/\/wenttrip.com.br\/wp-content\/uploads\/2022\/08\/WentTrip-2.png","contentUrl":"https:\/\/wenttrip.com.br\/wp-content\/uploads\/2022\/08\/WentTrip-2.png","width":1000,"height":1000,"caption":"Fernanda Machado"},"logo":{"@id":"https:\/\/wenttrip.com.br\/wp-content\/uploads\/2022\/08\/WentTrip-2.png"},"description":"Ich habe gelernt, dass das Leben leichter ist, wenn wir neben Tr\u00e4umen auch einen Rucksack auf den R\u00fccken packen. Ich liebe es zu reisen! Ich bin 34 Jahre alt, Mutter von 3 Hunden: Pantufa, Mutley und Mixuruca. Wir teilen hier unsere Erfahrungen, wir hoffen, dass es euch gef\u00e4llt!","sameAs":["https:\/\/wenttrip.com.br","https:\/\/m.facebook.com\/profile.php","https:\/\/www.instagram.com\/wenttrip\/","https:\/\/x.com\/https:\/\/twitter.com\/wenttrip","https:\/\/www.youtube.com\/c\/WentTrip\/videos"]}]}},"_links":{"self":[{"href":"https:\/\/wenttrip.com.br\/de\/wp-json\/wp\/v2\/pages\/7668","targetHints":{"allow":["GET"]}}],"collection":[{"href":"https:\/\/wenttrip.com.br\/de\/wp-json\/wp\/v2\/pages"}],"about":[{"href":"https:\/\/wenttrip.com.br\/de\/wp-json\/wp\/v2\/types\/page"}],"author":[{"embeddable":true,"href":"https:\/\/wenttrip.com.br\/de\/wp-json\/wp\/v2\/users\/1"}],"replies":[{"embeddable":true,"href":"https:\/\/wenttrip.com.br\/de\/wp-json\/wp\/v2\/comments?post=7668"}],"version-history":[{"count":0,"href":"https:\/\/wenttrip.com.br\/de\/wp-json\/wp\/v2\/pages\/7668\/revisions"}],"wp:attachment":[{"href":"https:\/\/wenttrip.com.br\/de\/wp-json\/wp\/v2\/media?parent=7668"}],"curies":[{"name":"wp","href":"https:\/\/api.w.org\/{rel}","templated":true}]}}