{"id":7667,"date":"2022-07-27T12:13:25","date_gmt":"2022-07-27T12:13:25","guid":{"rendered":"https:\/\/wenttrip.com.br\/?page_id=7667"},"modified":"2022-07-27T12:34:36","modified_gmt":"2022-07-27T12:34:36","slug":"termos-de-uso","status":"publish","type":"page","link":"https:\/\/wenttrip.com.br\/de\/nutzungsbedingungen\/","title":{"rendered":"Nutzungsbedingungen"},"content":{"rendered":"<p>1. Bedingungen<\/p>\n\n\n\n<p>Durch den Zugriff auf die wonttrip-Website erkl\u00e4ren Sie sich damit einverstanden, diese Nutzungsbedingungen, alle geltenden Gesetze und Vorschriften einzuhalten, und Sie stimmen zu, dass Sie f\u00fcr die Einhaltung aller geltenden lokalen Gesetze verantwortlich sind. Wenn Sie mit einer dieser Bedingungen nicht einverstanden sind, ist es Ihnen untersagt, diese Website zu nutzen oder darauf zuzugreifen. Die auf dieser Website enthaltenen Materialien sind durch geltende Urheber- und Markenrechte gesch\u00fctzt.<\/p>\n\n\n\n<p>2. Lizenznutzung<\/p>\n\n\n\n<p>Es wird die Erlaubnis erteilt, vor\u00fcbergehend eine Kopie der Materialien (Informationen oder Software) auf der wonttrip-Website nur f\u00fcr die pers\u00f6nliche, nicht gewerbliche vor\u00fcbergehende Betrachtung herunterzuladen. Dies ist die Erteilung einer Lizenz, keine Eigentums\u00fcbertragung, und unter dieser Lizenz d\u00fcrfen Sie nicht:<\/p>\n\n\n\n<p>die Materialien modifizieren oder kopieren;<\/p>\n\n\n\n<p>die Materialien f\u00fcr kommerzielle Zwecke oder zur \u00f6ffentlichen Pr\u00e4sentation (kommerziell oder nichtkommerziell) zu verwenden;<\/p>\n\n\n\n<p>versuchen, auf der wonttrip-Website enthaltene Software zu dekompilieren oder zur\u00fcckzuentwickeln;<\/p>\n\n\n\n<p>Urheberrechts- oder andere Eigentumsvermerke von den Materialien entfernen; oder<\/p>\n\n\n\n<p>\u00dcbertragen Sie die Materialien an eine andere Person oder \u201espiegeln\u201c Sie die Materialien auf einem anderen Server.<\/p>\n\n\n\n<p>Diese Lizenz erlischt automatisch, wenn Sie gegen eine dieser Einschr\u00e4nkungen versto\u00dfen, und kann von wonttrip jederzeit gek\u00fcndigt werden. Nach Beendigung der Betrachtung dieser Materialien oder nach Beendigung dieser Lizenz m\u00fcssen Sie alle heruntergeladenen Materialien in Ihrem Besitz l\u00f6schen, egal ob in elektronischer oder gedruckter Form.<\/p>\n\n\n\n<p>3. Haftungsausschluss<\/p>\n\n\n\n<p>Die Materialien auf der wonttrip-Website werden ohne M\u00e4ngelgew\u00e4hr bereitgestellt. wonttrip gibt keine Garantien, weder ausdr\u00fccklich noch stillschweigend, und lehnt hiermit alle anderen Garantien ab, einschlie\u00dflich, aber nicht beschr\u00e4nkt auf stillschweigende Garantien oder Bedingungen der Marktg\u00e4ngigkeit, Eignung f\u00fcr einen bestimmten Zweck oder Nichtverletzung von geistigem Eigentum oder andere Rechtsverletzungen.<\/p>\n\n\n\n<p>Dar\u00fcber hinaus \u00fcbernimmt wonttrip keine Gew\u00e4hrleistung oder Zusicherung hinsichtlich der Genauigkeit, der wahrscheinlichen Ergebnisse oder der Zuverl\u00e4ssigkeit der Nutzung der Materialien auf seiner Website oder anderweitig in Verbindung mit diesen Materialien oder auf Websites, die mit dieser Website verlinkt sind.<\/p>\n\n\n\n<p>4. Einschr\u00e4nkungen<\/p>\n\n\n\n<p>In keinem Fall haften wonttrip oder seine Lieferanten f\u00fcr Sch\u00e4den (einschlie\u00dflich, aber nicht beschr\u00e4nkt auf Sch\u00e4den aus Daten- oder Gewinnverlust oder aufgrund von Betriebsunterbrechungen), die sich aus der Nutzung oder Unm\u00f6glichkeit der Nutzung der Materialien auf wonttrip ergeben, selbst wenn wonttrip oder ein autorisierter weretrip-Vertreter m\u00fcndlich oder schriftlich \u00fcber die M\u00f6glichkeit solcher Sch\u00e4den informiert wurde. Da einige Gerichtsbarkeiten Beschr\u00e4nkungen stillschweigender Gew\u00e4hrleistungen oder Beschr\u00e4nkungen der Haftung f\u00fcr Folge- oder Nebensch\u00e4den nicht zulassen, gelten diese Beschr\u00e4nkungen m\u00f6glicherweise nicht f\u00fcr Sie.<\/p>\n\n\n\n<p>5. Pr\u00e4zision der Materialien<\/p>\n\n\n\n<p>Materialien, die auf der wonttrip-Website erscheinen, k\u00f6nnen technische, typografische oder fotografische Fehler enthalten. wonttrip garantiert nicht, dass jegliches Material auf seiner Website korrekt, vollst\u00e4ndig oder aktuell ist. wonttrip kann jederzeit ohne Vorank\u00fcndigung \u00c4nderungen an den auf seiner Website enthaltenen Materialien vornehmen. weretrip verpflichtet sich jedoch nicht, die Materialien zu aktualisieren.<\/p>\n\n\n\n<p>6. Verkn\u00fcpfungen<\/p>\n\n\n\n<p>wonttrip hat nicht alle mit seiner Website verlinkten Websites \u00fcberpr\u00fcft und ist nicht verantwortlich f\u00fcr den Inhalt einer verlinkten Website. Die Aufnahme eines Links bedeutet nicht, dass die Seite von wonttrip bef\u00fcrwortet wird. Die Nutzung einer verlinkten Website erfolgt auf eigenes Risiko des Benutzers.<\/p>\n\n\n\n<p>Modifikationen<\/p>\n\n\n\n<p>wonttrip kann diese Website-Nutzungsbedingungen jederzeit ohne Vorank\u00fcndigung \u00e4ndern. Durch die Nutzung dieser Website stimmen Sie zu, an die aktuelle Version dieser Nutzungsbedingungen gebunden zu sein.<\/p>\n\n\n\n<p>Anwendbares Recht<\/p>\n\n\n\n<p>Diese Allgemeinen Gesch\u00e4ftsbedingungen unterliegen den Gesetzen von wonttrip und werden in \u00dcbereinstimmung mit diesen ausgelegt, und Sie unterwerfen sich unwiderruflich der ausschlie\u00dflichen Zust\u00e4ndigkeit der Gerichte in diesem Staat oder Ort.<\/p>","protected":false},"excerpt":{"rendered":"<p>1. Bedingungen Mit dem Zugriff auf die wenttrip-Website erkl\u00e4ren Sie sich mit diesen Nutzungsbedingungen sowie allen geltenden Gesetzen und Vorschriften einverstanden und erkl\u00e4ren sich damit einverstanden, dass Sie f\u00fcr die Einhaltung aller geltenden lokalen Gesetze verantwortlich sind. Wenn Sie mit diesen Bedingungen nicht einverstanden sind, ist Ihnen die Nutzung oder der Zugriff auf diese Website untersagt. Die auf dieser Website enthaltenen Materialien sind\u2026&nbsp;<a href=\"https:\/\/wenttrip.com.br\/de\/nutzungsbedingungen\/\" rel=\"bookmark\">Weiterlesen \u00bb<span class=\"screen-reader-text\">Nutzungsbedingungen<\/span><\/a><\/p>","protected":false},"author":1,"featured_media":0,"parent":0,"menu_order":0,"comment_status":"closed","ping_status":"closed","template":"","meta":{"neve_meta_sidebar":"","neve_meta_container":"","neve_meta_enable_content_width":"","neve_meta_content_width":0,"neve_meta_title_alignment":"","neve_meta_author_avatar":"","neve_post_elements_order":"","neve_meta_disable_header":"","neve_meta_disable_footer":"","neve_meta_disable_title":"","footnotes":""},"class_list":["post-7667","page","type-page","status-publish","hentry"],"yoast_head":"<!-- This site is optimized with the Yoast SEO plugin v27.4 - https:\/\/yoast.com\/product\/yoast-seo-wordpress\/ -->\n<title>Termos de Uso - WentTrip<\/title>\n<meta name=\"description\" content=\"Termos de Uso\" \/>\n<meta name=\"robots\" content=\"index, follow, max-snippet:-1, max-image-preview:large, max-video-preview:-1\" \/>\n<link rel=\"canonical\" href=\"https:\/\/wenttrip.com.br\/de\/nutzungsbedingungen\/\" \/>\n<meta property=\"og:locale\" content=\"de_DE\" \/>\n<meta property=\"og:type\" content=\"article\" \/>\n<meta property=\"og:title\" content=\"Termos de Uso - WentTrip\" \/>\n<meta property=\"og:description\" content=\"Termos de Uso\" \/>\n<meta property=\"og:url\" content=\"https:\/\/wenttrip.com.br\/de\/nutzungsbedingungen\/\" \/>\n<meta property=\"og:site_name\" content=\"WentTrip\" \/>\n<meta property=\"article:publisher\" content=\"https:\/\/m.facebook.com\/profile.php\" \/>\n<meta property=\"article:modified_time\" content=\"2022-07-27T12:34:36+00:00\" \/>\n<meta name=\"twitter:card\" content=\"summary_large_image\" \/>\n<meta name=\"twitter:site\" content=\"@wenttrip\" \/>\n<meta name=\"twitter:label1\" content=\"Gesch\u00e4tzte Lesezeit\" \/>\n\t<meta name=\"twitter:data1\" content=\"4\u00a0Minuten\" \/>\n<script type=\"application\/ld+json\" class=\"yoast-schema-graph\">{\"@context\":\"https:\\\/\\\/schema.org\",\"@graph\":[{\"@type\":\"WebPage\",\"@id\":\"https:\\\/\\\/wenttrip.com.br\\\/de\\\/nutzungsbedingungen\\\/\",\"url\":\"https:\\\/\\\/wenttrip.com.br\\\/de\\\/nutzungsbedingungen\\\/\",\"name\":\"Termos de Uso - WentTrip\",\"isPartOf\":{\"@id\":\"https:\\\/\\\/wenttrip.com.br\\\/de\\\/#website\"},\"datePublished\":\"2022-07-27T12:13:25+00:00\",\"dateModified\":\"2022-07-27T12:34:36+00:00\",\"description\":\"Termos de Uso\",\"breadcrumb\":{\"@id\":\"https:\\\/\\\/wenttrip.com.br\\\/de\\\/nutzungsbedingungen\\\/#breadcrumb\"},\"inLanguage\":\"de\",\"potentialAction\":[{\"@type\":\"ReadAction\",\"target\":[\"https:\\\/\\\/wenttrip.com.br\\\/de\\\/nutzungsbedingungen\\\/\"]}]},{\"@type\":\"BreadcrumbList\",\"@id\":\"https:\\\/\\\/wenttrip.com.br\\\/de\\\/nutzungsbedingungen\\\/#breadcrumb\",\"itemListElement\":[{\"@type\":\"ListItem\",\"position\":1,\"name\":\"In\u00edcio\",\"item\":\"https:\\\/\\\/wenttrip.com.br\\\/de\\\/\"},{\"@type\":\"ListItem\",\"position\":2,\"name\":\"Termos de Uso\"}]},{\"@type\":\"WebSite\",\"@id\":\"https:\\\/\\\/wenttrip.com.br\\\/de\\\/#website\",\"url\":\"https:\\\/\\\/wenttrip.com.br\\\/de\\\/\",\"name\":\"WentTrip\",\"description\":\"O seu guia completo com muitas dicas de aventuras, lugares, alimenta\u00e7\u00e3o, hot\u00e9is.\",\"publisher\":{\"@id\":\"https:\\\/\\\/wenttrip.com.br\\\/de\\\/#\\\/schema\\\/person\\\/c0ff87b449a960037fdd1b024842fcf9\"},\"potentialAction\":[{\"@type\":\"SearchAction\",\"target\":{\"@type\":\"EntryPoint\",\"urlTemplate\":\"https:\\\/\\\/wenttrip.com.br\\\/de\\\/?s={search_term_string}\"},\"query-input\":{\"@type\":\"PropertyValueSpecification\",\"valueRequired\":true,\"valueName\":\"search_term_string\"}}],\"inLanguage\":\"de\"},{\"@type\":[\"Person\",\"Organization\"],\"@id\":\"https:\\\/\\\/wenttrip.com.br\\\/de\\\/#\\\/schema\\\/person\\\/c0ff87b449a960037fdd1b024842fcf9\",\"name\":\"Fernanda Machado\",\"image\":{\"@type\":\"ImageObject\",\"inLanguage\":\"de\",\"@id\":\"https:\\\/\\\/wenttrip.com.br\\\/wp-content\\\/uploads\\\/2022\\\/08\\\/WentTrip-2.png\",\"url\":\"https:\\\/\\\/wenttrip.com.br\\\/wp-content\\\/uploads\\\/2022\\\/08\\\/WentTrip-2.png\",\"contentUrl\":\"https:\\\/\\\/wenttrip.com.br\\\/wp-content\\\/uploads\\\/2022\\\/08\\\/WentTrip-2.png\",\"width\":1000,\"height\":1000,\"caption\":\"Fernanda Machado\"},\"logo\":{\"@id\":\"https:\\\/\\\/wenttrip.com.br\\\/wp-content\\\/uploads\\\/2022\\\/08\\\/WentTrip-2.png\"},\"description\":\"Aprendi que a vida \u00e9 mais leve quando colocamos uma mochila nas costas junto com sonhos. Amo viajar! Tenho 34 anos, mam\u00e3e de 3 cachorros: A Pantufa, O mutley e o Mixuruca. Compartilhamos nossas experi\u00eancias por aqui, esperamos que gostem!\",\"sameAs\":[\"https:\\\/\\\/wenttrip.com.br\",\"https:\\\/\\\/m.facebook.com\\\/profile.php\",\"https:\\\/\\\/www.instagram.com\\\/wenttrip\\\/\",\"https:\\\/\\\/x.com\\\/https:\\\/\\\/twitter.com\\\/wenttrip\",\"https:\\\/\\\/www.youtube.com\\\/c\\\/WentTrip\\\/videos\"]}]}<\/script>\n<!-- \/ Yoast SEO plugin. -->","yoast_head_json":{"title":"Nutzungsbedingungen - WentTrip","description":"Nutzungsbedingungen","robots":{"index":"index","follow":"follow","max-snippet":"max-snippet:-1","max-image-preview":"max-image-preview:large","max-video-preview":"max-video-preview:-1"},"canonical":"https:\/\/wenttrip.com.br\/de\/nutzungsbedingungen\/","og_locale":"de_DE","og_type":"article","og_title":"Termos de Uso - WentTrip","og_description":"Termos de Uso","og_url":"https:\/\/wenttrip.com.br\/de\/nutzungsbedingungen\/","og_site_name":"WentTrip","article_publisher":"https:\/\/m.facebook.com\/profile.php","article_modified_time":"2022-07-27T12:34:36+00:00","twitter_card":"summary_large_image","twitter_site":"@wenttrip","twitter_misc":{"Gesch\u00e4tzte Lesezeit":"4\u00a0Minuten"},"schema":{"@context":"https:\/\/schema.org","@graph":[{"@type":"WebPage","@id":"https:\/\/wenttrip.com.br\/de\/nutzungsbedingungen\/","url":"https:\/\/wenttrip.com.br\/de\/nutzungsbedingungen\/","name":"Nutzungsbedingungen - WentTrip","isPartOf":{"@id":"https:\/\/wenttrip.com.br\/de\/#website"},"datePublished":"2022-07-27T12:13:25+00:00","dateModified":"2022-07-27T12:34:36+00:00","description":"Nutzungsbedingungen","breadcrumb":{"@id":"https:\/\/wenttrip.com.br\/de\/nutzungsbedingungen\/#breadcrumb"},"inLanguage":"de","potentialAction":[{"@type":"ReadAction","target":["https:\/\/wenttrip.com.br\/de\/nutzungsbedingungen\/"]}]},{"@type":"BreadcrumbList","@id":"https:\/\/wenttrip.com.br\/de\/nutzungsbedingungen\/#breadcrumb","itemListElement":[{"@type":"ListItem","position":1,"name":"In\u00edcio","item":"https:\/\/wenttrip.com.br\/de\/"},{"@type":"ListItem","position":2,"name":"Termos de Uso"}]},{"@type":"WebSite","@id":"https:\/\/wenttrip.com.br\/de\/#website","url":"https:\/\/wenttrip.com.br\/de\/","name":"WentTrip","description":"Ihr kompletter Reisef\u00fchrer mit vielen Tipps zu Abenteuern, Orten, Essen, Hotels.","publisher":{"@id":"https:\/\/wenttrip.com.br\/de\/#\/schema\/person\/c0ff87b449a960037fdd1b024842fcf9"},"potentialAction":[{"@type":"SearchAction","target":{"@type":"EntryPoint","urlTemplate":"https:\/\/wenttrip.com.br\/de\/?s={search_term_string}"},"query-input":{"@type":"PropertyValueSpecification","valueRequired":true,"valueName":"search_term_string"}}],"inLanguage":"de"},{"@type":["Person","Organization"],"@id":"https:\/\/wenttrip.com.br\/de\/#\/schema\/person\/c0ff87b449a960037fdd1b024842fcf9","name":"Fernanda Machado","image":{"@type":"ImageObject","inLanguage":"de","@id":"https:\/\/wenttrip.com.br\/wp-content\/uploads\/2022\/08\/WentTrip-2.png","url":"https:\/\/wenttrip.com.br\/wp-content\/uploads\/2022\/08\/WentTrip-2.png","contentUrl":"https:\/\/wenttrip.com.br\/wp-content\/uploads\/2022\/08\/WentTrip-2.png","width":1000,"height":1000,"caption":"Fernanda Machado"},"logo":{"@id":"https:\/\/wenttrip.com.br\/wp-content\/uploads\/2022\/08\/WentTrip-2.png"},"description":"Ich habe gelernt, dass das Leben leichter ist, wenn wir neben Tr\u00e4umen auch einen Rucksack auf den R\u00fccken packen. Ich liebe es zu reisen! Ich bin 34 Jahre alt, Mutter von 3 Hunden: Pantufa, Mutley und Mixuruca. Wir teilen hier unsere Erfahrungen, wir hoffen, dass es euch gef\u00e4llt!","sameAs":["https:\/\/wenttrip.com.br","https:\/\/m.facebook.com\/profile.php","https:\/\/www.instagram.com\/wenttrip\/","https:\/\/x.com\/https:\/\/twitter.com\/wenttrip","https:\/\/www.youtube.com\/c\/WentTrip\/videos"]}]}},"_links":{"self":[{"href":"https:\/\/wenttrip.com.br\/de\/wp-json\/wp\/v2\/pages\/7667","targetHints":{"allow":["GET"]}}],"collection":[{"href":"https:\/\/wenttrip.com.br\/de\/wp-json\/wp\/v2\/pages"}],"about":[{"href":"https:\/\/wenttrip.com.br\/de\/wp-json\/wp\/v2\/types\/page"}],"author":[{"embeddable":true,"href":"https:\/\/wenttrip.com.br\/de\/wp-json\/wp\/v2\/users\/1"}],"replies":[{"embeddable":true,"href":"https:\/\/wenttrip.com.br\/de\/wp-json\/wp\/v2\/comments?post=7667"}],"version-history":[{"count":0,"href":"https:\/\/wenttrip.com.br\/de\/wp-json\/wp\/v2\/pages\/7667\/revisions"}],"wp:attachment":[{"href":"https:\/\/wenttrip.com.br\/de\/wp-json\/wp\/v2\/media?parent=7667"}],"curies":[{"name":"wp","href":"https:\/\/api.w.org\/{rel}","templated":true}]}}