{"id":7666,"date":"2022-07-27T12:13:25","date_gmt":"2022-07-27T12:13:25","guid":{"rendered":"https:\/\/wenttrip.com.br\/?page_id=7666"},"modified":"2023-05-04T16:09:07","modified_gmt":"2023-05-04T19:09:07","slug":"sobre","status":"publish","type":"page","link":"https:\/\/wenttrip.com.br\/de\/um\/","title":{"rendered":"Um"},"content":{"rendered":"<p><em>Wir sind das Paar Fernanda und Guilherme, die wir uns 2013 kennengelernt haben<\/em>, Wir haben 2014 angefangen, uns zu verabreden.<\/p>\n\n\n\n<p>Guilherme machte seine erste Reise in die Vereinigten Staaten im Jahr 2013, er bereiste das ganze Land in 40 Tagen (wir haben Artikel \u00fcber diese gesamte Reiseroute), die Zeiten waren schwieriger, er m\u00e4hte sogar den Rasen, um etwas Geld zu sparen und die Reise abzuschlie\u00dfen Reise. <\/p>\n\n\n\n<p>Nach einer Weile begann auch Fernanda damit, also fingen wir an zu tr\u00e4umen und sie wahr werden zu lassen, denke nicht, dass es einfach ist, aber wenn du alleine tr\u00e4umst, ist es nur ein Traum, aber wenn du zusammen tr\u00e4umst: <strong>es ist die Realit\u00e4t.<\/strong><\/p>\n\n\n\n<p><em> So entstand unsere Website, um Ihnen zu helfen und alles \u00fcber unsere Reisen aufzuzeichnen. Die, genau wie Sie, gerne reisen und immer auf der Suche nach dem billigsten sind, legend\u00e4re Orte entdecken und die Au\u00dfenwelt sehen! <\/em><\/p>\n\n\n\n<p><em>Lassen Sie uns dies gemeinsam tun, auf jeder Reise dazulernen und unsere Erfahrungen mit Ihnen teilen! <\/em><\/p>\n\n\n\n<figure class=\"wp-block-image size-large is-resized\"><img decoding=\"async\" src=\"https:\/\/wenttrip.com.br\/wp-content\/uploads\/2023\/05\/IMG_0507-768x1024.jpg\" alt=\"Wilhelm und Fernanda.\" class=\"wp-image-16400\" width=\"315\" height=\"419\" srcset=\"https:\/\/wenttrip.com.br\/wp-content\/uploads\/2023\/05\/IMG_0507-768x1024.jpg 768w, https:\/\/wenttrip.com.br\/wp-content\/uploads\/2023\/05\/IMG_0507-225x300.jpg 225w, https:\/\/wenttrip.com.br\/wp-content\/uploads\/2023\/05\/IMG_0507-1152x1536.jpg 1152w, https:\/\/wenttrip.com.br\/wp-content\/uploads\/2023\/05\/IMG_0507-1536x2048.jpg 1536w, https:\/\/wenttrip.com.br\/wp-content\/uploads\/2023\/05\/IMG_0507-9x12.jpg 9w, https:\/\/wenttrip.com.br\/wp-content\/uploads\/2023\/05\/IMG_0507-scaled.jpg 1920w\" sizes=\"(max-width: 315px) 100vw, 315px\" \/><figcaption class=\"wp-element-caption\"><em>Wilhelm und Fernanda.<\/em><\/figcaption><\/figure>\n\n\n\n<p><em>Umarmungen, Guilherme und Fernanda.<\/em><\/p>","protected":false},"excerpt":{"rendered":"<p>Wir sind das Paar Fernanda und Guilherme. Wir haben uns 2013 kennengelernt und sind seit 2014 zusammen. Guilherme reiste 2013 zum ersten Mal in die USA und durchquerte das ganze Land in 40 Tagen (wir haben Artikel \u00fcber diese gesamte Reiseroute). Das waren schwierigere Zeiten. Er hat sogar Gras gem\u00e4ht, um etwas Geld zu sparen und die Reise zu beenden. \u2026&nbsp;<a href=\"https:\/\/wenttrip.com.br\/de\/um\/\" rel=\"bookmark\">Weiterlesen \u00bb<span class=\"screen-reader-text\">Um<\/span><\/a><\/p>","protected":false},"author":1,"featured_media":0,"parent":0,"menu_order":0,"comment_status":"closed","ping_status":"closed","template":"","meta":{"neve_meta_sidebar":"","neve_meta_container":"","neve_meta_enable_content_width":"","neve_meta_content_width":0,"neve_meta_title_alignment":"","neve_meta_author_avatar":"","neve_post_elements_order":"","neve_meta_disable_header":"","neve_meta_disable_footer":"","neve_meta_disable_title":"","footnotes":""},"class_list":["post-7666","page","type-page","status-publish","hentry"],"yoast_head":"<!-- This site is optimized with the Yoast SEO plugin v27.3 - https:\/\/yoast.com\/product\/yoast-seo-wordpress\/ -->\n<title>Sobre -conhe\u00e7a-nossa-hist\u00f3ria- WentTrip<\/title>\n<meta name=\"description\" content=\"Somos o casal Fernanda e Guilherme, nos conhecemos em 2013, come\u00e7amos namorar em 2014.Guilherme fez sua primeira viagem em...\" \/>\n<meta name=\"robots\" content=\"index, follow, max-snippet:-1, max-image-preview:large, max-video-preview:-1\" \/>\n<link rel=\"canonical\" href=\"https:\/\/wenttrip.com.br\/de\/um\/\" \/>\n<meta property=\"og:locale\" content=\"de_DE\" \/>\n<meta property=\"og:type\" content=\"article\" \/>\n<meta property=\"og:title\" content=\"Sobre -conhe\u00e7a-nossa-hist\u00f3ria- WentTrip\" \/>\n<meta property=\"og:description\" content=\"Somos o casal Fernanda e Guilherme, nos conhecemos em 2013, come\u00e7amos namorar em 2014.Guilherme fez sua primeira viagem em...\" \/>\n<meta property=\"og:url\" content=\"https:\/\/wenttrip.com.br\/de\/um\/\" \/>\n<meta property=\"og:site_name\" content=\"WentTrip\" \/>\n<meta property=\"article:publisher\" content=\"https:\/\/m.facebook.com\/profile.php\" \/>\n<meta property=\"article:modified_time\" content=\"2023-05-04T19:09:07+00:00\" \/>\n<meta property=\"og:image\" content=\"https:\/\/wenttrip.com.br\/wp-content\/uploads\/2023\/05\/IMG_0507-768x1024.jpg\" \/>\n<meta name=\"twitter:card\" content=\"summary_large_image\" \/>\n<meta name=\"twitter:site\" content=\"@wenttrip\" \/>\n<meta name=\"twitter:label1\" content=\"Gesch\u00e4tzte Lesezeit\" \/>\n\t<meta name=\"twitter:data1\" content=\"1\u00a0Minute\" \/>\n<script type=\"application\/ld+json\" class=\"yoast-schema-graph\">{\"@context\":\"https:\\\/\\\/schema.org\",\"@graph\":[{\"@type\":\"WebPage\",\"@id\":\"https:\\\/\\\/wenttrip.com.br\\\/de\\\/um\\\/\",\"url\":\"https:\\\/\\\/wenttrip.com.br\\\/de\\\/um\\\/\",\"name\":\"Sobre -conhe\u00e7a-nossa-hist\u00f3ria- WentTrip\",\"isPartOf\":{\"@id\":\"https:\\\/\\\/wenttrip.com.br\\\/de\\\/#website\"},\"primaryImageOfPage\":{\"@id\":\"https:\\\/\\\/wenttrip.com.br\\\/de\\\/um\\\/#primaryimage\"},\"image\":{\"@id\":\"https:\\\/\\\/wenttrip.com.br\\\/de\\\/um\\\/#primaryimage\"},\"thumbnailUrl\":\"https:\\\/\\\/wenttrip.com.br\\\/wp-content\\\/uploads\\\/2023\\\/05\\\/IMG_0507-768x1024.jpg\",\"datePublished\":\"2022-07-27T12:13:25+00:00\",\"dateModified\":\"2023-05-04T19:09:07+00:00\",\"description\":\"Somos o casal Fernanda e Guilherme, nos conhecemos em 2013, come\u00e7amos namorar em 2014.Guilherme fez sua primeira viagem em...\",\"breadcrumb\":{\"@id\":\"https:\\\/\\\/wenttrip.com.br\\\/de\\\/um\\\/#breadcrumb\"},\"inLanguage\":\"de\",\"potentialAction\":[{\"@type\":\"ReadAction\",\"target\":[\"https:\\\/\\\/wenttrip.com.br\\\/de\\\/um\\\/\"]}]},{\"@type\":\"ImageObject\",\"inLanguage\":\"de\",\"@id\":\"https:\\\/\\\/wenttrip.com.br\\\/de\\\/um\\\/#primaryimage\",\"url\":\"https:\\\/\\\/wenttrip.com.br\\\/wp-content\\\/uploads\\\/2023\\\/05\\\/IMG_0507-768x1024.jpg\",\"contentUrl\":\"https:\\\/\\\/wenttrip.com.br\\\/wp-content\\\/uploads\\\/2023\\\/05\\\/IMG_0507-768x1024.jpg\"},{\"@type\":\"BreadcrumbList\",\"@id\":\"https:\\\/\\\/wenttrip.com.br\\\/de\\\/um\\\/#breadcrumb\",\"itemListElement\":[{\"@type\":\"ListItem\",\"position\":1,\"name\":\"In\u00edcio\",\"item\":\"https:\\\/\\\/wenttrip.com.br\\\/de\\\/\"},{\"@type\":\"ListItem\",\"position\":2,\"name\":\"Sobre\"}]},{\"@type\":\"WebSite\",\"@id\":\"https:\\\/\\\/wenttrip.com.br\\\/de\\\/#website\",\"url\":\"https:\\\/\\\/wenttrip.com.br\\\/de\\\/\",\"name\":\"WentTrip\",\"description\":\"O seu guia completo com muitas dicas de aventuras, lugares, alimenta\u00e7\u00e3o, hot\u00e9is.\",\"publisher\":{\"@id\":\"https:\\\/\\\/wenttrip.com.br\\\/de\\\/#\\\/schema\\\/person\\\/c0ff87b449a960037fdd1b024842fcf9\"},\"potentialAction\":[{\"@type\":\"SearchAction\",\"target\":{\"@type\":\"EntryPoint\",\"urlTemplate\":\"https:\\\/\\\/wenttrip.com.br\\\/de\\\/?s={search_term_string}\"},\"query-input\":{\"@type\":\"PropertyValueSpecification\",\"valueRequired\":true,\"valueName\":\"search_term_string\"}}],\"inLanguage\":\"de\"},{\"@type\":[\"Person\",\"Organization\"],\"@id\":\"https:\\\/\\\/wenttrip.com.br\\\/de\\\/#\\\/schema\\\/person\\\/c0ff87b449a960037fdd1b024842fcf9\",\"name\":\"Fernanda Machado\",\"image\":{\"@type\":\"ImageObject\",\"inLanguage\":\"de\",\"@id\":\"https:\\\/\\\/wenttrip.com.br\\\/wp-content\\\/uploads\\\/2022\\\/08\\\/WentTrip-2.png\",\"url\":\"https:\\\/\\\/wenttrip.com.br\\\/wp-content\\\/uploads\\\/2022\\\/08\\\/WentTrip-2.png\",\"contentUrl\":\"https:\\\/\\\/wenttrip.com.br\\\/wp-content\\\/uploads\\\/2022\\\/08\\\/WentTrip-2.png\",\"width\":1000,\"height\":1000,\"caption\":\"Fernanda Machado\"},\"logo\":{\"@id\":\"https:\\\/\\\/wenttrip.com.br\\\/wp-content\\\/uploads\\\/2022\\\/08\\\/WentTrip-2.png\"},\"description\":\"Aprendi que a vida \u00e9 mais leve quando colocamos uma mochila nas costas junto com sonhos. Amo viajar! Tenho 34 anos, mam\u00e3e de 3 cachorros: A Pantufa, O mutley e o Mixuruca. Compartilhamos nossas experi\u00eancias por aqui, esperamos que gostem!\",\"sameAs\":[\"https:\\\/\\\/wenttrip.com.br\",\"https:\\\/\\\/m.facebook.com\\\/profile.php\",\"https:\\\/\\\/www.instagram.com\\\/wenttrip\\\/\",\"https:\\\/\\\/x.com\\\/https:\\\/\\\/twitter.com\\\/wenttrip\",\"https:\\\/\\\/www.youtube.com\\\/c\\\/WentTrip\\\/videos\"]}]}<\/script>\n<!-- \/ Yoast SEO plugin. -->","yoast_head_json":{"title":"\u00dcber -lernen-sie-unsere-geschichte- WentTrip","description":"Wir sind das Paar Fernanda und Guilherme, wir haben uns 2013 kennengelernt, wir haben 2014 angefangen, uns zu verabreden. Guilherme unternahm seine erste Reise nach ...","robots":{"index":"index","follow":"follow","max-snippet":"max-snippet:-1","max-image-preview":"max-image-preview:large","max-video-preview":"max-video-preview:-1"},"canonical":"https:\/\/wenttrip.com.br\/de\/um\/","og_locale":"de_DE","og_type":"article","og_title":"Sobre -conhe\u00e7a-nossa-hist\u00f3ria- WentTrip","og_description":"Somos o casal Fernanda e Guilherme, nos conhecemos em 2013, come\u00e7amos namorar em 2014.Guilherme fez sua primeira viagem em...","og_url":"https:\/\/wenttrip.com.br\/de\/um\/","og_site_name":"WentTrip","article_publisher":"https:\/\/m.facebook.com\/profile.php","article_modified_time":"2023-05-04T19:09:07+00:00","og_image":[{"url":"https:\/\/wenttrip.com.br\/wp-content\/uploads\/2023\/05\/IMG_0507-768x1024.jpg","type":"","width":"","height":""}],"twitter_card":"summary_large_image","twitter_site":"@wenttrip","twitter_misc":{"Gesch\u00e4tzte Lesezeit":"1\u00a0Minute"},"schema":{"@context":"https:\/\/schema.org","@graph":[{"@type":"WebPage","@id":"https:\/\/wenttrip.com.br\/de\/um\/","url":"https:\/\/wenttrip.com.br\/de\/um\/","name":"\u00dcber -lernen-sie-unsere-geschichte- WentTrip","isPartOf":{"@id":"https:\/\/wenttrip.com.br\/de\/#website"},"primaryImageOfPage":{"@id":"https:\/\/wenttrip.com.br\/de\/um\/#primaryimage"},"image":{"@id":"https:\/\/wenttrip.com.br\/de\/um\/#primaryimage"},"thumbnailUrl":"https:\/\/wenttrip.com.br\/wp-content\/uploads\/2023\/05\/IMG_0507-768x1024.jpg","datePublished":"2022-07-27T12:13:25+00:00","dateModified":"2023-05-04T19:09:07+00:00","description":"Wir sind das Paar Fernanda und Guilherme, wir haben uns 2013 kennengelernt, wir haben 2014 angefangen, uns zu verabreden. Guilherme unternahm seine erste Reise nach ...","breadcrumb":{"@id":"https:\/\/wenttrip.com.br\/de\/um\/#breadcrumb"},"inLanguage":"de","potentialAction":[{"@type":"ReadAction","target":["https:\/\/wenttrip.com.br\/de\/um\/"]}]},{"@type":"ImageObject","inLanguage":"de","@id":"https:\/\/wenttrip.com.br\/de\/um\/#primaryimage","url":"https:\/\/wenttrip.com.br\/wp-content\/uploads\/2023\/05\/IMG_0507-768x1024.jpg","contentUrl":"https:\/\/wenttrip.com.br\/wp-content\/uploads\/2023\/05\/IMG_0507-768x1024.jpg"},{"@type":"BreadcrumbList","@id":"https:\/\/wenttrip.com.br\/de\/um\/#breadcrumb","itemListElement":[{"@type":"ListItem","position":1,"name":"In\u00edcio","item":"https:\/\/wenttrip.com.br\/de\/"},{"@type":"ListItem","position":2,"name":"Sobre"}]},{"@type":"WebSite","@id":"https:\/\/wenttrip.com.br\/de\/#website","url":"https:\/\/wenttrip.com.br\/de\/","name":"WentTrip","description":"Ihr kompletter Reisef\u00fchrer mit vielen Tipps zu Abenteuern, Orten, Essen, Hotels.","publisher":{"@id":"https:\/\/wenttrip.com.br\/de\/#\/schema\/person\/c0ff87b449a960037fdd1b024842fcf9"},"potentialAction":[{"@type":"SearchAction","target":{"@type":"EntryPoint","urlTemplate":"https:\/\/wenttrip.com.br\/de\/?s={search_term_string}"},"query-input":{"@type":"PropertyValueSpecification","valueRequired":true,"valueName":"search_term_string"}}],"inLanguage":"de"},{"@type":["Person","Organization"],"@id":"https:\/\/wenttrip.com.br\/de\/#\/schema\/person\/c0ff87b449a960037fdd1b024842fcf9","name":"Fernanda Machado","image":{"@type":"ImageObject","inLanguage":"de","@id":"https:\/\/wenttrip.com.br\/wp-content\/uploads\/2022\/08\/WentTrip-2.png","url":"https:\/\/wenttrip.com.br\/wp-content\/uploads\/2022\/08\/WentTrip-2.png","contentUrl":"https:\/\/wenttrip.com.br\/wp-content\/uploads\/2022\/08\/WentTrip-2.png","width":1000,"height":1000,"caption":"Fernanda Machado"},"logo":{"@id":"https:\/\/wenttrip.com.br\/wp-content\/uploads\/2022\/08\/WentTrip-2.png"},"description":"Ich habe gelernt, dass das Leben leichter ist, wenn wir neben Tr\u00e4umen auch einen Rucksack auf den R\u00fccken packen. Ich liebe es zu reisen! Ich bin 34 Jahre alt, Mutter von 3 Hunden: Pantufa, Mutley und Mixuruca. Wir teilen hier unsere Erfahrungen, wir hoffen, dass es euch gef\u00e4llt!","sameAs":["https:\/\/wenttrip.com.br","https:\/\/m.facebook.com\/profile.php","https:\/\/www.instagram.com\/wenttrip\/","https:\/\/x.com\/https:\/\/twitter.com\/wenttrip","https:\/\/www.youtube.com\/c\/WentTrip\/videos"]}]}},"_links":{"self":[{"href":"https:\/\/wenttrip.com.br\/de\/wp-json\/wp\/v2\/pages\/7666","targetHints":{"allow":["GET"]}}],"collection":[{"href":"https:\/\/wenttrip.com.br\/de\/wp-json\/wp\/v2\/pages"}],"about":[{"href":"https:\/\/wenttrip.com.br\/de\/wp-json\/wp\/v2\/types\/page"}],"author":[{"embeddable":true,"href":"https:\/\/wenttrip.com.br\/de\/wp-json\/wp\/v2\/users\/1"}],"replies":[{"embeddable":true,"href":"https:\/\/wenttrip.com.br\/de\/wp-json\/wp\/v2\/comments?post=7666"}],"version-history":[{"count":0,"href":"https:\/\/wenttrip.com.br\/de\/wp-json\/wp\/v2\/pages\/7666\/revisions"}],"wp:attachment":[{"href":"https:\/\/wenttrip.com.br\/de\/wp-json\/wp\/v2\/media?parent=7666"}],"curies":[{"name":"wp","href":"https:\/\/api.w.org\/{rel}","templated":true}]}}